{"id":1190,"date":"2024-10-20T10:55:56","date_gmt":"2024-10-20T10:55:56","guid":{"rendered":"https:\/\/spring-shift.com\/?page_id=1190"},"modified":"2025-02-24T13:58:55","modified_gmt":"2025-02-24T13:58:55","slug":"usluge","status":"publish","type":"page","link":"https:\/\/spring-shift.com\/en\/usluge\/","title":{"rendered":"Services"},"content":{"rendered":"<div class=\"wp-block-uagb-container uagb-block-c24e9748 alignfull uagb-is-root-container\">\n<div class=\"wp-block-uagb-container uagb-layout-flex uagb-block-e63185fe alignfull uagb-is-root-container\"><div class=\"uagb-container-inner-blocks-wrap\">\n<div class=\"wp-block-uagb-container uagb-block-1a3fc969\">\n<div class=\"wp-block-uagb-advanced-heading uagb-block-7260b60d\"><h2 class=\"uagb-heading-text\">Unique approach to consulting<\/h2><\/div>\n<\/div>\n<\/div><\/div>\n<\/div>\n\n\n\n<div class=\"wp-block-uagb-container uagb-block-2360a0c1 alignfull uagb-is-root-container\">\n<p><br><br><\/p>\n<\/div>\n\n\n\n<div class=\"wp-block-uagb-container uagb-block-67bf8ad8 alignfull uagb-is-root-container\">\n<p><br><br><\/p>\n<\/div>\n\n\n\n<div class=\"wp-block-uagb-container uagb-block-24b38727 alignfull uagb-is-root-container\">\n<div class=\"wp-block-uagb-container uagb-layout-flex uagb-block-2266e660 alignfull uagb-is-root-container\">\n<div class=\"wp-block-uagb-container uagb-block-326a1937 alignfull uagb-is-root-container\"><div class=\"uagb-container-inner-blocks-wrap\">\n<div class=\"wp-block-uagb-container uagb-block-8d04f0ef alignfull uagb-is-root-container\"><div class=\"uagb-container-inner-blocks-wrap\">\n<div class=\"wp-block-uagb-container uagb-block-f6fd8f61\">\n<div class=\"wp-block-uagb-info-box uagb-block-7b3624ae uagb-infobox__content-wrap  uagb-infobox-icon-left uagb-infobox-left uagb-infobox-stacked-tablet uagb-infobox-image-valign-top wp-block-uagb-info-box--has-margin\"><div class=\"uagb-infobox-margin-wrapper\"><div class=\"uagb-ifb-image-content\"><img decoding=\"async\" src=\"https:\/\/spring-shift.com\/wp-content\/uploads\/2024\/11\/o_nama_section_rotate-3.png\" alt=\"\" width=\"\" height=\"0\" loading=\"lazy\"\/><\/div><div class=\"uagb-ifb-content\"><div class=\"uagb-ifb-title-wrap\"><h5 class=\"uagb-ifb-title\"><strong>Services<\/strong><\/h5><\/div><\/div><\/div><\/div>\n<\/div>\n\n\n\n<div class=\"wp-block-uagb-container uagb-layout-grid uagb-block-1e4205f2\">\n<div class=\"wp-block-uagb-container uagb-block-0244ee70\">\n<div class=\"wp-block-group is-nowrap is-layout-flex wp-container-core-group-is-layout-6c531013 wp-block-group-is-layout-flex\">\n<p>Na\u0161e specijalizacije omogu\u0107uju pru\u017eanje jedinstvenih savjetodavnih usluga koje kombiniraju odr\u017eivost i organizacijski razvoj, a na\u0161i savjetnici r \u010dine multidisciplinarni tim, primjenjuju\u0107i svoje individualne vje\u0161tine, znanja, stru\u010dnost, interese i snage. S razli\u010ditim profesionalnim kompetencijama, dubinski razumijemo razli\u010dite industrije od financija, energetike, ICT-ja, infrastrukture, turizma, poljoprivrede, farmaceutske, prera\u0111iva\u010dke industrije i FMCG-a.<\/p>\n<\/div>\n<\/div>\n<\/div>\n<\/div><\/div>\n\n\n\n<div class=\"wp-block-uagb-container uagb-block-f1becc27 alignfull uagb-is-root-container\"><div class=\"uagb-container-inner-blocks-wrap\">\n<div class=\"wp-block-uagb-container uagb-block-fb00a1ea\">\n<div class=\"wp-block-uagb-info-box uagb-block-12209763 uagb-infobox__content-wrap  uagb-infobox-icon-left uagb-infobox-left uagb-infobox-stacked-tablet uagb-infobox-image-valign-top wp-block-uagb-info-box--has-margin\"><div class=\"uagb-infobox-margin-wrapper\"><div class=\"uagb-ifb-content\"><div class=\"uagb-ifb-title-wrap\"><\/div><\/div><\/div><\/div>\n<\/div>\n\n\n\n<div class=\"wp-block-uagb-container uagb-layout-grid uagb-block-2fe52578\">\n<div class=\"wp-block-uagb-container uagb-block-b6264681\">\n<div class=\"wp-block-uagb-info-box uagb-block-e29f5317 uagb-infobox__content-wrap  uagb-infobox-icon-above-title uagb-infobox-image-valign-top wp-block-uagb-info-box--has-margin\"><div class=\"uagb-infobox-margin-wrapper\"><div class=\"uagb-ifb-content\"><div class=\"uagb-ifb-image-content\"><img decoding=\"async\" src=\"https:\/\/spring-shift.com\/wp-content\/uploads\/2024\/11\/logo_white.png\" alt=\"\" width=\"60\" height=\"68\" loading=\"lazy\"\/><\/div><div class=\"uagb-ifb-title-wrap\"><h3 class=\"uagb-ifb-title-prefix\">ORGANIZATIONAL <br>DEVELOPMENT<\/h3><\/div><p class=\"uagb-ifb-desc\">\u2022 Corporate culture development&nbsp;<br>\u2022 Employer branding&nbsp;<br>\u2022 Employee experience&nbsp;<br>\u2022 Employee engagement&nbsp;<br>\u2022 Storytelling &amp; leadership&nbsp;<br><\/p><\/div><\/div><\/div>\n<\/div>\n<\/div>\n\n\n\n<div class=\"wp-block-uagb-container uagb-layout-grid uagb-block-2dabc429\">\n<div class=\"wp-block-uagb-container uagb-block-9ac6182f\">\n<div class=\"wp-block-uagb-info-box uagb-block-9a23812d uagb-infobox__content-wrap  uagb-infobox-icon-above-title uagb-infobox-image-valign-top wp-block-uagb-info-box--has-margin\"><div class=\"uagb-infobox-margin-wrapper\"><div class=\"uagb-ifb-content\"><div class=\"uagb-ifb-image-content\"><img decoding=\"async\" src=\"https:\/\/spring-shift.com\/wp-content\/uploads\/2024\/11\/logo_white.png\" alt=\"\" width=\"60\" height=\"68\" loading=\"lazy\"\/><\/div><div class=\"uagb-ifb-title-wrap\"><h3 class=\"uagb-ifb-title-prefix\">SUSTAINABLE <br>DEVELOPMENT<\/h3><\/div><p class=\"uagb-ifb-desc\">\u2022 Sustainability strategies<br>\u2022 Integration of ESG criteria into business operations<br>\u2022 Sustainability reporting&nbsp;<br>\u2022 Alignment of reporting with EU regulations<\/p><\/div><\/div><\/div>\n<\/div>\n<\/div>\n\n\n\n<div class=\"wp-block-uagb-container uagb-layout-grid uagb-block-9bd9261e\">\n<div class=\"wp-block-uagb-container uagb-block-61345788\">\n<div class=\"wp-block-uagb-info-box uagb-block-b1f132f5 uagb-infobox__content-wrap  uagb-infobox-icon-above-title uagb-infobox-image-valign-top wp-block-uagb-info-box--has-margin\"><div class=\"uagb-infobox-margin-wrapper\"><div class=\"uagb-ifb-content\"><div class=\"uagb-ifb-image-content\"><img decoding=\"async\" src=\"https:\/\/spring-shift.com\/wp-content\/uploads\/2024\/11\/logo_white.png\" alt=\"\" width=\"60\" height=\"68\" loading=\"lazy\"\/><\/div><div class=\"uagb-ifb-title-wrap\"><h3 class=\"uagb-ifb-title-prefix\">STRATEGIC<br>CONSULTING<\/h3><\/div><p class=\"uagb-ifb-desc\">\u2022 Stakeholder relationship management<br>\u2022 Reputation management and positioning<br>\u2022 Risk and crisis management<br><br><\/p><\/div><\/div><\/div>\n<\/div>\n<\/div>\n<\/div><\/div>\n<\/div><\/div>\n<\/div>\n<\/div>\n\n\n\n<div class=\"wp-block-uagb-container uagb-block-cefc9c28 alignfull uagb-is-root-container\">\n<p><br><br><\/p>\n<\/div>\n\n\n\n<div class=\"wp-block-uagb-container uagb-block-8d2258de alignfull uagb-is-root-container\">\n<div class=\"wp-block-uagb-container uagb-block-6c226490 alignfull uagb-is-root-container\"><div class=\"uagb-container-inner-blocks-wrap\">\n<div class=\"wp-block-uagb-advanced-heading uagb-block-149222fe\"><h2 class=\"uagb-heading-text\">References<\/h2><\/div>\n<\/div><\/div>\n\n\n\n<div class=\"wp-block-uagb-container uagb-layout-grid uagb-block-f66d0603 alignfull uagb-is-root-container\"><div class=\"uagb-container-inner-blocks-wrap\">\n<div class=\"wp-block-uagb-container uagb-block-b3e90467\">\n<div class=\"wp-block-uagb-container uagb-block-4a208274\">\n<div class=\"wp-block-group is-layout-grid wp-container-core-group-is-layout-e8aa4c31 wp-block-group-is-layout-grid\" style=\"margin-top:var(--wp--preset--spacing--30);margin-bottom:var(--wp--preset--spacing--30);padding-top:var(--wp--preset--spacing--30);padding-right:var(--wp--preset--spacing--30);padding-bottom:var(--wp--preset--spacing--30);padding-left:var(--wp--preset--spacing--30)\">\n<p class=\"wp-container-content-2155ee95\" style=\"line-height:1.5\">Agroproteinka<br>Aluflexpack grupa<br>Assist Digital<br>Assist Digital Srbija<br>BASF<br>Cemex Hrvatska<br>Dalekovod<br>Dukat<br>Ericsson Nikola Tesla<br>Etranet<br>Grawe osiguranje<br>Grupa KON\u010cAR<\/p>\n\n\n\n<p class=\"wp-container-content-2155ee95\" style=\"line-height:1.5\">Javna ustanova RERA<br>HBOR<br>HEP grupa<br>HEP ODS<br>HGK<br>HOPS<br>Hrvatska Lutrija<br>Hrvatski Telekom<br>Kaufland Hrvatska<br>KON\u010cAR &#8211; D&amp;ST<br>Lelo<br>Lidl Hrvatska<\/p>\n\n\n\n<p class=\"wp-container-content-2155ee95\" style=\"line-height:1.5\">Maistra<br>Medika<br>MOL<br>Montelektro<br>OTP banka i grupa<br>OTP Leasing<br>Pekara Dubravica<br>Prima namje\u0161taj<br>RBA<br>Span<br>UNIQA osiguranje<br>Volonterski centar Zagreb<br>WWF Adria<\/p>\n<\/div>\n<\/div>\n<\/div>\n<\/div><\/div>\n<\/div>\n\n\n\n<p><\/p>","protected":false},"excerpt":{"rendered":"<p>Jedinstveni pristup savjetovanju Na\u0161e specijalizacije omogu\u0107uju pru\u017eanje jedinstvenih savjetodavnih usluga koje kombiniraju odr\u017eivost i organizacijski razvoj, a na\u0161i savjetnici r \u010dine multidisciplinarni tim, primjenjuju\u0107i svoje individualne vje\u0161tine, znanja, stru\u010dnost, interese i snage. S razli\u010ditim profesionalnim kompetencijama, dubinski razumijemo razli\u010dite industrije od financija, energetike, ICT-ja, infrastrukture, turizma, poljoprivrede, farmaceutske, prera\u0111iva\u010dke industrije i FMCG-a. Reference AgroproteinkaAluflexpack grupaAssist [&hellip;]<\/p>\n","protected":false},"author":1,"featured_media":0,"parent":0,"menu_order":0,"comment_status":"closed","ping_status":"closed","template":"","meta":{"_uag_custom_page_level_css":"","site-sidebar-layout":"default","site-content-layout":"","ast-site-content-layout":"default","site-content-style":"default","site-sidebar-style":"default","ast-global-header-display":"","ast-banner-title-visibility":"","ast-main-header-display":"","ast-hfb-above-header-display":"","ast-hfb-below-header-display":"","ast-hfb-mobile-header-display":"","site-post-title":"disabled","ast-breadcrumbs-content":"","ast-featured-img":"","footer-sml-layout":"","theme-transparent-header-meta":"enabled","adv-header-id-meta":"","stick-header-meta":"","header-above-stick-meta":"","header-main-stick-meta":"","header-below-stick-meta":"","astra-migrate-meta-layouts":"set","ast-page-background-enabled":"default","ast-page-background-meta":{"desktop":{"background-color":"var(--ast-global-color-4)","background-image":"","background-repeat":"repeat","background-position":"center center","background-size":"auto","background-attachment":"scroll","background-type":"","background-media":"","overlay-type":"","overlay-color":"","overlay-opacity":"","overlay-gradient":""},"tablet":{"background-color":"","background-image":"","background-repeat":"repeat","background-position":"center center","background-size":"auto","background-attachment":"scroll","background-type":"","background-media":"","overlay-type":"","overlay-color":"","overlay-opacity":"","overlay-gradient":""},"mobile":{"background-color":"","background-image":"","background-repeat":"repeat","background-position":"center center","background-size":"auto","background-attachment":"scroll","background-type":"","background-media":"","overlay-type":"","overlay-color":"","overlay-opacity":"","overlay-gradient":""}},"ast-content-background-meta":{"desktop":{"background-color":"var(--ast-global-color-5)","background-image":"","background-repeat":"repeat","background-position":"center center","background-size":"auto","background-attachment":"scroll","background-type":"","background-media":"","overlay-type":"","overlay-color":"","overlay-opacity":"","overlay-gradient":""},"tablet":{"background-color":"var(--ast-global-color-5)","background-image":"","background-repeat":"repeat","background-position":"center center","background-size":"auto","background-attachment":"scroll","background-type":"","background-media":"","overlay-type":"","overlay-color":"","overlay-opacity":"","overlay-gradient":""},"mobile":{"background-color":"var(--ast-global-color-5)","background-image":"","background-repeat":"repeat","background-position":"center center","background-size":"auto","background-attachment":"scroll","background-type":"","background-media":"","overlay-type":"","overlay-color":"","overlay-opacity":"","overlay-gradient":""}},"footnotes":""},"class_list":["post-1190","page","type-page","status-publish","hentry"],"uagb_featured_image_src":{"full":false,"thumbnail":false,"medium":false,"medium_large":false,"large":false,"1536x1536":false,"2048x2048":false,"trp-custom-language-flag":false},"uagb_author_info":{"display_name":"Spring+shift","author_link":"https:\/\/spring-shift.com\/en\/author\/hauska\/"},"uagb_comment_info":0,"uagb_excerpt":"Jedinstveni pristup savjetovanju Na\u0161e specijalizacije omogu\u0107uju pru\u017eanje jedinstvenih savjetodavnih usluga koje kombiniraju odr\u017eivost i organizacijski razvoj, a na\u0161i savjetnici r \u010dine multidisciplinarni tim, primjenjuju\u0107i svoje individualne vje\u0161tine, znanja, stru\u010dnost, interese i snage. S razli\u010ditim profesionalnim kompetencijama, dubinski razumijemo razli\u010dite industrije od financija, energetike, ICT-ja, infrastrukture, turizma, poljoprivrede, farmaceutske, prera\u0111iva\u010dke industrije i FMCG-a. Reference AgroproteinkaAluflexpack grupaAssist&hellip;","_links":{"self":[{"href":"https:\/\/spring-shift.com\/en\/wp-json\/wp\/v2\/pages\/1190","targetHints":{"allow":["GET"]}}],"collection":[{"href":"https:\/\/spring-shift.com\/en\/wp-json\/wp\/v2\/pages"}],"about":[{"href":"https:\/\/spring-shift.com\/en\/wp-json\/wp\/v2\/types\/page"}],"author":[{"embeddable":true,"href":"https:\/\/spring-shift.com\/en\/wp-json\/wp\/v2\/users\/1"}],"replies":[{"embeddable":true,"href":"https:\/\/spring-shift.com\/en\/wp-json\/wp\/v2\/comments?post=1190"}],"version-history":[{"count":117,"href":"https:\/\/spring-shift.com\/en\/wp-json\/wp\/v2\/pages\/1190\/revisions"}],"predecessor-version":[{"id":2914,"href":"https:\/\/spring-shift.com\/en\/wp-json\/wp\/v2\/pages\/1190\/revisions\/2914"}],"wp:attachment":[{"href":"https:\/\/spring-shift.com\/en\/wp-json\/wp\/v2\/media?parent=1190"}],"curies":[{"name":"wp","href":"https:\/\/api.w.org\/{rel}","templated":true}]}}