{"id":1522,"date":"2024-11-04T18:42:01","date_gmt":"2024-11-04T18:42:01","guid":{"rendered":"https:\/\/spring-shift.com\/?page_id=1522"},"modified":"2025-11-14T13:19:02","modified_gmt":"2025-11-14T13:19:02","slug":"analiza-poslodavca","status":"publish","type":"page","link":"https:\/\/spring-shift.com\/en\/analiza-poslodavca\/","title":{"rendered":"Analiza Poslodavca"},"content":{"rendered":"<div class=\"wp-block-uagb-container uagb-block-c24e9748 alignfull uagb-is-root-container\">\n<div class=\"wp-block-uagb-container uagb-layout-flex uagb-block-e63185fe alignfull uagb-is-root-container\"><div class=\"uagb-container-inner-blocks-wrap\">\n<div class=\"wp-block-uagb-container uagb-block-34cf57b7\">\n<div class=\"wp-block-uagb-advanced-heading uagb-block-a35c568f\"><h2 class=\"uagb-heading-text translation-block\">Employer<br>perception analysis<\/h2><p class=\"uagb-desc-text\">Attract and retain talent with a clear understanding of your current position and the steps needed to become a desirable employer<\/p><\/div>\n<\/div>\n<\/div><\/div>\n<\/div>\n\n\n\n<div class=\"wp-block-uagb-container uagb-block-74dbf62b alignfull uagb-is-root-container\">\n<p><br><br><\/p>\n<\/div>\n\n\n\n<div class=\"wp-block-uagb-advanced-heading uagb-block-73c346f3\"><\/div>\n\n\n\n<div class=\"wp-block-uagb-container uagb-block-d66be919 alignfull uagb-is-root-container\"><div class=\"uagb-container-inner-blocks-wrap\">\n<div class=\"wp-block-uagb-container uagb-block-1d42d297 alignfull uagb-is-root-container\"><div class=\"uagb-container-inner-blocks-wrap\">\n<div class=\"wp-block-uagb-container uagb-block-0b8321a2\">\n<div class=\"wp-block-uagb-container uagb-layout-grid uagb-block-7d545d32\">\n<div class=\"wp-block-uagb-advanced-heading uagb-block-cdcd98c6\"><h3 class=\"uagb-heading-text\">What is employer perception analysis and why does it matter?<br><\/h3><\/div>\n\n\n\n<div class=\"wp-block-uagb-advanced-heading uagb-block-9ef6b187\"><p class=\"uagb-heading-text translation-block\">Employer perception analysis is crucial for making timely and well-informed decisions. It provides insights into how employees perceive your company and how to leverage that <strong>perception to your advantage<\/strong>. This analysis serves as a foundation for developing an Employer Branding strategy while also acting as a valuable source of information, including: how your company is perceived in the job market, how you compare to competitors, emerging trends that may challenge your position, your <strong>key strengths and weaknesses<\/strong>, etc.\n<br><br>\nWe create and implement strategic concepts, processes, and activities in human resources and communications that contribute to achieving business goals, fostering internal organizational growth, and empowering employees. <br>\nConnecting values, purpose, employer brand, engagement, and employee experience, while emphasizing the importance of diversity and inclusion.<br><\/p><\/div>\n\n\n\n<div class=\"wp-block-uagb-container uagb-block-0bc7f1de\"><\/div>\n\n\n\n<div class=\"wp-block-uagb-container uagb-block-9791ecd3\">\n<p class=\"has-medium-font-size\"><strong>Benefits of employer perception analysis:<\/strong><\/p>\n\n\n<style>.wp-block-kadence-iconlist.kt-svg-icon-list-items1522_3045d9-72:not(.this-stops-third-party-issues){margin-top:0px;margin-bottom:0px;}.wp-block-kadence-iconlist.kt-svg-icon-list-items1522_3045d9-72 ul.kt-svg-icon-list:not(.this-prevents-issues):not(.this-stops-third-party-issues):not(.tijsloc){margin-top:0px;margin-right:0px;margin-bottom:var(--global-kb-spacing-sm, 1.5rem);margin-left:0px;}.wp-block-kadence-iconlist.kt-svg-icon-list-items1522_3045d9-72 ul.kt-svg-icon-list{grid-row-gap:5px;}.wp-block-kadence-iconlist.kt-svg-icon-list-items1522_3045d9-72 ul.kt-svg-icon-list .kt-svg-icon-list-item-wrap .kt-svg-icon-list-single{margin-right:10px;}.kt-svg-icon-list-items1522_3045d9-72 ul.kt-svg-icon-list .kt-svg-icon-list-item-wrap, .kt-svg-icon-list-items1522_3045d9-72 ul.kt-svg-icon-list .kt-svg-icon-list-item-wrap a{font-family:-apple-system,BlinkMacSystemFont,\"Segoe UI\",Roboto,Oxygen-Sans,Ubuntu,Cantarell,\"Helvetica Neue\",sans-serif, \"Apple Color Emoji\", \"Segoe UI Emoji\", \"Segoe UI Symbol\";}.kt-svg-icon-list-items1522_3045d9-72 ul.kt-svg-icon-list .kt-svg-icon-list-level-0 .kt-svg-icon-list-single svg{font-size:20px;}<\/style>\n<div class=\"wp-block-kadence-iconlist kt-svg-icon-list-items kt-svg-icon-list-items1522_3045d9-72 kt-svg-icon-list-columns-1 alignnone\"><ul class=\"kt-svg-icon-list\"><style>.kt-svg-icon-list-item-1522_3b3e56-c1 .kt-svg-icon-list-text mark.kt-highlight{background-color:unset;font-style:normal;color:#f76a0c;-webkit-box-decoration-break:clone;box-decoration-break:clone;padding-top:0px;padding-right:0px;padding-bottom:0px;padding-left:0px;}<\/style>\n<li class=\"wp-block-kadence-listitem kt-svg-icon-list-item-wrap kt-svg-icon-list-item-1522_3b3e56-c1\"><span class=\"kb-svg-icon-wrap kb-svg-icon-fe_checkCircle kt-svg-icon-list-single\"><svg viewbox=\"0 0 24 24\"  fill=\"none\" stroke=\"currentColor\" stroke-width=\"2\" stroke-linecap=\"round\" stroke-linejoin=\"round\" xmlns=\"http:\/\/www.w3.org\/2000\/svg\"  aria-hidden=\"true\"><path d=\"M22 11.08V12a10 10 0 1 1-5.93-9.14\"\/><polyline points=\"22 4 12 14.01 9 11.01\"\/><\/svg><\/span><span class=\"kt-svg-icon-list-text\">More effective HR decision-making<\/span><\/li>\n\n\n<style>.kt-svg-icon-list-item-1522_20b173-6e .kt-svg-icon-list-text mark.kt-highlight{background-color:unset;font-style:normal;color:#f76a0c;-webkit-box-decoration-break:clone;box-decoration-break:clone;padding-top:0px;padding-right:0px;padding-bottom:0px;padding-left:0px;}<\/style>\n<li class=\"wp-block-kadence-listitem kt-svg-icon-list-item-wrap kt-svg-icon-list-item-1522_20b173-6e\"><span class=\"kb-svg-icon-wrap kb-svg-icon-fe_checkCircle kt-svg-icon-list-single\"><svg viewbox=\"0 0 24 24\"  fill=\"none\" stroke=\"currentColor\" stroke-width=\"2\" stroke-linecap=\"round\" stroke-linejoin=\"round\" xmlns=\"http:\/\/www.w3.org\/2000\/svg\"  aria-hidden=\"true\"><path d=\"M22 11.08V12a10 10 0 1 1-5.93-9.14\"\/><polyline points=\"22 4 12 14.01 9 11.01\"\/><\/svg><\/span><span class=\"kt-svg-icon-list-text\">Improved work environment = lower employee turnover<\/span><\/li>\n\n\n<style>.kt-svg-icon-list-item-1522_ae89e0-e9 .kt-svg-icon-list-text mark.kt-highlight{background-color:unset;font-style:normal;color:#f76a0c;-webkit-box-decoration-break:clone;box-decoration-break:clone;padding-top:0px;padding-right:0px;padding-bottom:0px;padding-left:0px;}<\/style>\n<li class=\"wp-block-kadence-listitem kt-svg-icon-list-item-wrap kt-svg-icon-list-item-1522_ae89e0-e9\"><span class=\"kb-svg-icon-wrap kb-svg-icon-fe_checkCircle kt-svg-icon-list-single\"><svg viewbox=\"0 0 24 24\"  fill=\"none\" stroke=\"currentColor\" stroke-width=\"2\" stroke-linecap=\"round\" stroke-linejoin=\"round\" xmlns=\"http:\/\/www.w3.org\/2000\/svg\"  aria-hidden=\"true\"><path d=\"M22 11.08V12a10 10 0 1 1-5.93-9.14\"\/><polyline points=\"22 4 12 14.01 9 11.01\"\/><\/svg><\/span><span class=\"kt-svg-icon-list-text\">Deeper understanding of strengths and weaknesses<\/span><\/li>\n\n\n<style>.kt-svg-icon-list-item-1522_bc16eb-53 .kt-svg-icon-list-text mark.kt-highlight{background-color:unset;font-style:normal;color:#f76a0c;-webkit-box-decoration-break:clone;box-decoration-break:clone;padding-top:0px;padding-right:0px;padding-bottom:0px;padding-left:0px;}<\/style>\n<li class=\"wp-block-kadence-listitem kt-svg-icon-list-item-wrap kt-svg-icon-list-item-1522_bc16eb-53\"><span class=\"kb-svg-icon-wrap kb-svg-icon-fe_checkCircle kt-svg-icon-list-single\"><svg viewbox=\"0 0 24 24\"  fill=\"none\" stroke=\"currentColor\" stroke-width=\"2\" stroke-linecap=\"round\" stroke-linejoin=\"round\" xmlns=\"http:\/\/www.w3.org\/2000\/svg\"  aria-hidden=\"true\"><path d=\"M22 11.08V12a10 10 0 1 1-5.93-9.14\"\/><polyline points=\"22 4 12 14.01 9 11.01\"\/><\/svg><\/span><span class=\"kt-svg-icon-list-text\">Better alignment with employee needs = higher job satisfaction<\/span><\/li>\n\n\n<style>.kt-svg-icon-list-item-1522_1ab4ab-e6 .kt-svg-icon-list-text mark.kt-highlight{background-color:unset;font-style:normal;color:#f76a0c;-webkit-box-decoration-break:clone;box-decoration-break:clone;padding-top:0px;padding-right:0px;padding-bottom:0px;padding-left:0px;}<\/style>\n<li class=\"wp-block-kadence-listitem kt-svg-icon-list-item-wrap kt-svg-icon-list-item-1522_1ab4ab-e6\"><span class=\"kb-svg-icon-wrap kb-svg-icon-fe_checkCircle kt-svg-icon-list-single\"><svg viewbox=\"0 0 24 24\"  fill=\"none\" stroke=\"currentColor\" stroke-width=\"2\" stroke-linecap=\"round\" stroke-linejoin=\"round\" xmlns=\"http:\/\/www.w3.org\/2000\/svg\"  aria-hidden=\"true\"><path d=\"M22 11.08V12a10 10 0 1 1-5.93-9.14\"\/><polyline points=\"22 4 12 14.01 9 11.01\"\/><\/svg><\/span><span class=\"kt-svg-icon-list-text\">Faster response to labor market changes<\/span><\/li>\n<\/ul><\/div>\n<\/div>\n<\/div>\n<\/div>\n<\/div><\/div>\n\n\n\n<div class=\"wp-block-uagb-container uagb-block-13556b01 alignfull uagb-is-root-container\"><div class=\"uagb-container-inner-blocks-wrap\">\n<div class=\"wp-block-uagb-container uagb-block-40f66e87\">\n<div class=\"wp-block-uagb-advanced-heading uagb-block-90695b69\"><h3 class=\"uagb-heading-text\"><strong>Steps of employer perception analysis<\/strong><\/h3><\/div>\n\n\n\n<div class=\"wp-block-uagb-container uagb-layout-flex uagb-block-cc2d7eda\">\n<div class=\"wp-block-uagb-content-timeline uagb-timeline__outer-wrap uagb-block-c60a5e5a uagb-timeline__content-wrap uagb-timeline__center-block  uagb-timeline__arrow-center uagb-timeline\">\n<article class=\"wp-block-uagb-content-timeline-child uagb-timeline__field uagb-timeline-child-71d05337 uagb-timeline__right\"><div class=\"uagb-timeline__marker out-view-uagb-timeline__icon\"><svg xmlns=\"https:\/\/www.w3.org\/2000\/svg\" viewbox=\"0 0 448 512\"><path d=\"M438.6 105.4C451.1 117.9 451.1 138.1 438.6 150.6L182.6 406.6C170.1 419.1 149.9 419.1 137.4 406.6L9.372 278.6C-3.124 266.1-3.124 245.9 9.372 233.4C21.87 220.9 42.13 220.9 54.63 233.4L159.1 338.7L393.4 105.4C405.9 92.88 426.1 92.88 438.6 105.4H438.6z\"><\/path><\/svg><\/div><div class=\"uagb-timeline__day-new uagb-timeline__day-right uagb-timeline__events-inner-new\"><div class=\"uagb-timeline__events-inner--content\"><h4 class=\"uagb-timeline__heading\">#1 Employee perspective (current state)<\/h4><p class=\"uagb-timeline-desc-content\">Through internal research, focus groups, and online surveys, we gather insights from different employee groups to understand their perception of your brand\u2014identifying both strengths and areas for improvement. Additionally, we analyze your communication channels, social media presence, and digital platforms.<\/p><div class=\"uagb-timeline__arrow\"><\/div><\/div><\/div><div class=\"uagb-timeline__date-new\"><\/div><\/article>\n\n\n\n<article class=\"wp-block-uagb-content-timeline-child uagb-timeline__field uagb-timeline-child-d48c339e uagb-timeline__left\"><div class=\"uagb-timeline__marker out-view-uagb-timeline__icon\"><svg xmlns=\"https:\/\/www.w3.org\/2000\/svg\" viewbox=\"0 0 448 512\"><path d=\"M438.6 105.4C451.1 117.9 451.1 138.1 438.6 150.6L182.6 406.6C170.1 419.1 149.9 419.1 137.4 406.6L9.372 278.6C-3.124 266.1-3.124 245.9 9.372 233.4C21.87 220.9 42.13 220.9 54.63 233.4L159.1 338.7L393.4 105.4C405.9 92.88 426.1 92.88 438.6 105.4H438.6z\"><\/path><\/svg><\/div><div class=\"uagb-timeline__day-new uagb-timeline__day-left uagb-timeline__events-inner-new\"><div class=\"uagb-timeline__events-inner--content\"><h4 class=\"uagb-timeline__heading\">#2 Trend and competitor analysis<\/h4><p class=\"uagb-timeline-desc-content\">We examine industry trends, including those that may have a direct or indirect impact on your business and employer brand perception. This step also includes a competitive analysis to understand how your competition position themselves.<\/p><div class=\"uagb-timeline__arrow\"><\/div><\/div><\/div><div class=\"uagb-timeline__date-new\"><\/div><\/article>\n\n\n\n<article class=\"wp-block-uagb-content-timeline-child uagb-timeline__field uagb-timeline-child-2a2c7587 uagb-timeline__right\"><div class=\"uagb-timeline__marker out-view-uagb-timeline__icon\"><svg xmlns=\"https:\/\/www.w3.org\/2000\/svg\" viewbox=\"0 0 448 512\"><path d=\"M438.6 105.4C451.1 117.9 451.1 138.1 438.6 150.6L182.6 406.6C170.1 419.1 149.9 419.1 137.4 406.6L9.372 278.6C-3.124 266.1-3.124 245.9 9.372 233.4C21.87 220.9 42.13 220.9 54.63 233.4L159.1 338.7L393.4 105.4C405.9 92.88 426.1 92.88 438.6 105.4H438.6z\"><\/path><\/svg><\/div><div class=\"uagb-timeline__day-new uagb-timeline__day-right uagb-timeline__events-inner-new\"><div class=\"uagb-timeline__events-inner--content\"><h4 class=\"uagb-timeline__heading\">#3 Findings and recommendations <\/h4><p class=\"uagb-timeline-desc-content\">After collecting and analyzing the data, we provide a comprehensive summary of key insights along with strategic recommendations for further action.<\/p><div class=\"uagb-timeline__arrow\"><\/div><\/div><\/div><div class=\"uagb-timeline__date-new\"><\/div><\/article>\n<div class=\"uagb-timeline__line\"><div class=\"uagb-timeline__line__inner\"><\/div><\/div><\/div>\n<\/div>\n<\/div>\n<\/div><\/div>\n<\/div><\/div>\n\n\n\n<div class=\"wp-block-uagb-container uagb-block-fe463d75 alignfull uagb-is-root-container\">\n<div class=\"wp-block-uagb-container uagb-block-611a69b7 alignfull uagb-is-root-container\"><div class=\"uagb-container-inner-blocks-wrap\">\n<div class=\"wp-block-uagb-container uagb-layout-flex uagb-block-23736215 alignfull uagb-is-root-container\"><div class=\"uagb-container-inner-blocks-wrap\">\n<div class=\"wp-block-uagb-container uagb-block-71936853\">\n<div class=\"wp-block-uagb-info-box uagb-block-4dcf10ce uagb-infobox__content-wrap  uagb-infobox-icon-left uagb-infobox-left uagb-infobox-stacked-tablet uagb-infobox-image-valign-top wp-block-uagb-info-box--has-margin\"><div class=\"uagb-infobox-margin-wrapper\"><div class=\"uagb-ifb-image-content\"><img decoding=\"async\" src=\"https:\/\/spring-shift.com\/wp-content\/uploads\/2024\/11\/o_nama_section_rotate-3.png\" alt=\"\" width=\"\" height=\"0\" loading=\"lazy\"\/><\/div><div class=\"uagb-ifb-content\"><div class=\"uagb-ifb-title-wrap\"><h5 class=\"uagb-ifb-title\">About us<\/h5><\/div><\/div><\/div><\/div>\n<\/div>\n\n\n\n<div class=\"wp-block-uagb-advanced-heading uagb-block-3cc0ab6f\"><h2 class=\"uagb-heading-text\">Reliable solutions for organizational and sustainable development<\/h2><\/div>\n<\/div><\/div>\n\n\n\n<div class=\"wp-block-uagb-container uagb-layout-grid uagb-block-8965f7e6 alignfull uagb-is-root-container\">\n<p><\/p>\n\n\n\n<p>Reliable solutions for organizational and sustainable development.\nFor the past 25 years, we\u2019ve been a trusted partner to organizations, guiding them through the challenges of sustainability, organizational development, and change. By redefining the traditional role of business consulting, we have developed our own interdisciplinary approaches to sustainability management and organizational growth.&nbsp;<br>We are recognized advisors in organizational development, employer branding, sustainability, and corporate social responsibility, as well as in supporting sustainability reporting processes and crafting sustainability strategies. Our extensive experience in strategic and marketing communications enhances our services in stakeholder relationship management and addressing key issues, risks, and crises.<\/p>\n\n\n\n<p>We help organizations adapt swiftly to change and create innovative, bold, and socially impactful solutions. With our expertise, dedication, and ethical approach, we aim to drive the prosperity of our clients and partners, fostering positive change together.&nbsp;<\/p>\n<\/div>\n<\/div><\/div>\n<\/div>\n\n\n\n<div class=\"wp-block-uagb-container uagb-block-8d2258de alignfull uagb-is-root-container\">\n<div class=\"wp-block-uagb-container uagb-block-6c226490 alignfull uagb-is-root-container\"><div class=\"uagb-container-inner-blocks-wrap\">\n<div class=\"wp-block-uagb-advanced-heading uagb-block-149222fe\"><h2 class=\"uagb-heading-text\">References<\/h2><\/div>\n<\/div><\/div>\n\n\n\n<div class=\"wp-block-uagb-container uagb-layout-grid uagb-block-f66d0603 alignfull uagb-is-root-container\"><div class=\"uagb-container-inner-blocks-wrap\">\n<div class=\"wp-block-uagb-container uagb-block-b3e90467\">\n<div class=\"wp-block-uagb-container uagb-block-4a208274\">\n<div class=\"wp-block-group is-layout-grid wp-container-core-group-is-layout-e8aa4c31 wp-block-group-is-layout-grid\" style=\"margin-top:var(--wp--preset--spacing--30);margin-bottom:var(--wp--preset--spacing--30);padding-top:var(--wp--preset--spacing--30);padding-right:var(--wp--preset--spacing--30);padding-bottom:var(--wp--preset--spacing--30);padding-left:var(--wp--preset--spacing--30)\">\n<p class=\"wp-container-content-2155ee95\" style=\"line-height:1.5\">Aluflexpack Grupa<br>Assist Digital<br>BASF<br>Cemex Hrvatska<br>Croatia osiguranje<br>Europski fond za jugoisto\u010dnu Europu<br>Grad Zagreb<br>Grad Zlatar<br>Grupa KON\u010cAR<br>Grawe osiguranje<br>HEP<br>HOPS<br>Hrvatska banka za obnovu i razvitak<\/p>\n\n\n\n<p class=\"wp-container-content-2155ee95\" style=\"line-height:1.5\">Hrvatska Lutrija<br>Hrvatski Telekom<br>Immofinanz<br>IN2 grupa<br>INA<br>Innoenergy<br>Lactalis<br>Lelo<br>LeSaffre Adriatic<br>Lidl Hrvatska<br>Maistra<br>Mardorado<br>Medika<\/p>\n\n\n\n<p class=\"wp-container-content-2155ee95\" style=\"line-height:1.5\">MOL<br>Montelektro<br>Nielsen<br>OTP banka i grupa<br>OTP Leasing<br>Prima namje\u0161taj<br>RBA<br>Sony<br>Span<br>UNIQA osiguranje<br>Vaillant<br>Volonterski centar Zagreb<\/p>\n<\/div>\n<\/div>\n<\/div>\n<\/div><\/div>\n<\/div>","protected":false},"excerpt":{"rendered":"<p>Analiza poslodavca Privucite i zadr\u017eite talente kroz jasnu sliku gdje ste sada i \u0161to poduzeti da postanete privla\u010dan poslodavac. \u0160to je analiza percepcije poslodavca i za\u0161to je bitna? Analiza percepcije poslodavca klju\u010dna je za dono\u0161enje pravovremenih i ispravnih odluka i smjernica. Kroz nju \u0107ete saznati \u0161to zaposlenici misle o vama te kako tu percepciju pretvoriti [&hellip;]<\/p>\n","protected":false},"author":1,"featured_media":0,"parent":0,"menu_order":0,"comment_status":"closed","ping_status":"closed","template":"","meta":{"_uag_custom_page_level_css":"","site-sidebar-layout":"default","site-content-layout":"","ast-site-content-layout":"default","site-content-style":"default","site-sidebar-style":"default","ast-global-header-display":"","ast-banner-title-visibility":"","ast-main-header-display":"","ast-hfb-above-header-display":"","ast-hfb-below-header-display":"","ast-hfb-mobile-header-display":"","site-post-title":"","ast-breadcrumbs-content":"","ast-featured-img":"","footer-sml-layout":"","theme-transparent-header-meta":"","adv-header-id-meta":"","stick-header-meta":"","header-above-stick-meta":"","header-main-stick-meta":"","header-below-stick-meta":"","astra-migrate-meta-layouts":"set","ast-page-background-enabled":"default","ast-page-background-meta":{"desktop":{"background-color":"var(--ast-global-color-4)","background-image":"","background-repeat":"repeat","background-position":"center center","background-size":"auto","background-attachment":"scroll","background-type":"","background-media":"","overlay-type":"","overlay-color":"","overlay-opacity":"","overlay-gradient":""},"tablet":{"background-color":"","background-image":"","background-repeat":"repeat","background-position":"center center","background-size":"auto","background-attachment":"scroll","background-type":"","background-media":"","overlay-type":"","overlay-color":"","overlay-opacity":"","overlay-gradient":""},"mobile":{"background-color":"","background-image":"","background-repeat":"repeat","background-position":"center center","background-size":"auto","background-attachment":"scroll","background-type":"","background-media":"","overlay-type":"","overlay-color":"","overlay-opacity":"","overlay-gradient":""}},"ast-content-background-meta":{"desktop":{"background-color":"var(--ast-global-color-5)","background-image":"","background-repeat":"repeat","background-position":"center center","background-size":"auto","background-attachment":"scroll","background-type":"","background-media":"","overlay-type":"","overlay-color":"","overlay-opacity":"","overlay-gradient":""},"tablet":{"background-color":"var(--ast-global-color-5)","background-image":"","background-repeat":"repeat","background-position":"center center","background-size":"auto","background-attachment":"scroll","background-type":"","background-media":"","overlay-type":"","overlay-color":"","overlay-opacity":"","overlay-gradient":""},"mobile":{"background-color":"var(--ast-global-color-5)","background-image":"","background-repeat":"repeat","background-position":"center center","background-size":"auto","background-attachment":"scroll","background-type":"","background-media":"","overlay-type":"","overlay-color":"","overlay-opacity":"","overlay-gradient":""}},"footnotes":""},"class_list":["post-1522","page","type-page","status-publish","hentry"],"uagb_featured_image_src":{"full":false,"thumbnail":false,"medium":false,"medium_large":false,"large":false,"1536x1536":false,"2048x2048":false,"trp-custom-language-flag":false},"uagb_author_info":{"display_name":"Spring+shift","author_link":"https:\/\/spring-shift.com\/en\/author\/hauska\/"},"uagb_comment_info":0,"uagb_excerpt":"Analiza poslodavca Privucite i zadr\u017eite talente kroz jasnu sliku gdje ste sada i \u0161to poduzeti da postanete privla\u010dan poslodavac. \u0160to je analiza percepcije poslodavca i za\u0161to je bitna? Analiza percepcije poslodavca klju\u010dna je za dono\u0161enje pravovremenih i ispravnih odluka i smjernica. Kroz nju \u0107ete saznati \u0161to zaposlenici misle o vama te kako tu percepciju pretvoriti&hellip;","_links":{"self":[{"href":"https:\/\/spring-shift.com\/en\/wp-json\/wp\/v2\/pages\/1522","targetHints":{"allow":["GET"]}}],"collection":[{"href":"https:\/\/spring-shift.com\/en\/wp-json\/wp\/v2\/pages"}],"about":[{"href":"https:\/\/spring-shift.com\/en\/wp-json\/wp\/v2\/types\/page"}],"author":[{"embeddable":true,"href":"https:\/\/spring-shift.com\/en\/wp-json\/wp\/v2\/users\/1"}],"replies":[{"embeddable":true,"href":"https:\/\/spring-shift.com\/en\/wp-json\/wp\/v2\/comments?post=1522"}],"version-history":[{"count":31,"href":"https:\/\/spring-shift.com\/en\/wp-json\/wp\/v2\/pages\/1522\/revisions"}],"predecessor-version":[{"id":3461,"href":"https:\/\/spring-shift.com\/en\/wp-json\/wp\/v2\/pages\/1522\/revisions\/3461"}],"wp:attachment":[{"href":"https:\/\/spring-shift.com\/en\/wp-json\/wp\/v2\/media?parent=1522"}],"curies":[{"name":"wp","href":"https:\/\/api.w.org\/{rel}","templated":true}]}}