{"id":59,"date":"2024-10-10T15:30:35","date_gmt":"2024-10-10T15:30:35","guid":{"rendered":"https:\/\/spring-shift.com\/case-studies\/"},"modified":"2025-02-24T14:04:08","modified_gmt":"2025-02-24T14:04:08","slug":"blog","status":"publish","type":"page","link":"https:\/\/spring-shift.com\/en\/blog\/","title":{"rendered":"Blog"},"content":{"rendered":"<div class=\"wp-block-uagb-container uagb-block-c24e9748 alignfull uagb-is-root-container\">\n<div class=\"wp-block-uagb-container uagb-layout-flex uagb-block-89ce3cd9 alignfull uagb-is-root-container\"><div class=\"uagb-container-inner-blocks-wrap\">\n<div class=\"wp-block-uagb-container uagb-block-34cf57b7\">\n<div class=\"wp-block-uagb-advanced-heading uagb-block-a35c568f\"><h2 class=\"uagb-heading-text\">Trendovi, regulativa<\/h2><p class=\"uagb-desc-text\">Zanimaju vas novosti iz svijeta odr\u017eivog i organizacijskog razvoja, savjeti o pristupima i praksi, mi\u0161ljenja i pogledi na trendove? Na pravom ste mjestu!<\/p><\/div>\n<\/div>\n<\/div><\/div>\n<\/div>\n\n\n\n<div class=\"wp-block-uagb-container uagb-block-f5ed73c5 alignfull uagb-is-root-container\">\n<p><br><br><\/p>\n<\/div>\n\n\n\n<div class=\"wp-block-uagb-container uagb-block-8ec62d8d alignfull uagb-is-root-container\">\n<p><br><br><\/p>\n<\/div>\n\n\n\n<div class=\"wp-block-uagb-container uagb-block-aa989539 alignfull uagb-is-root-container\">\n<div class=\"wp-block-uagb-advanced-heading uagb-block-a8017bea\"><\/div>\n\n\n\n<div class=\"wp-block-uagb-container uagb-block-64398b1f alignfull uagb-is-root-container\"><div class=\"uagb-container-inner-blocks-wrap\">\n\t\t\t<div class=\"wp-block-uagb-post-grid uagb-post-grid  uagb-post__image-position-background uagb-post__image-enabled uagb-block-54d9af86     uagb-post__items uagb-post__columns-2 is-grid uagb-post__columns-tablet-2 uagb-post__columns-mobile-1 uagb-post__equal-height\" data-total=\"7\" style=\"\">\n\n\t\t\t\t\t\t\t\t\t\t\t\t<article class=\"uagb-post__inner-wrap\">\t\t\t\t\t\t\t\t<div class='uagb-post__image'>\n\t\t\t\t\t\t\t\t\t<a href=\"https:\/\/spring-shift.com\/en\/tehnicka-provjera-izvjestaja-o-odrzivosti-od-formalne-uskladenosti-do-stvarne-upravljacke-vrijednosti\/\" target=\"_self\" rel=\"bookmark noopener noreferrer\"><img loading=\"lazy\" decoding=\"async\" width=\"594\" height=\"420\" src=\"https:\/\/spring-shift.com\/wp-content\/uploads\/2026\/04\/Copy-of-ESG-Pit-stop-18-blog-fotka.png\" class=\"attachment-large size-large\" alt=\"\" srcset=\"https:\/\/spring-shift.com\/wp-content\/uploads\/2026\/04\/Copy-of-ESG-Pit-stop-18-blog-fotka.png 594w, https:\/\/spring-shift.com\/wp-content\/uploads\/2026\/04\/Copy-of-ESG-Pit-stop-18-blog-fotka-300x212.png 300w, https:\/\/spring-shift.com\/wp-content\/uploads\/2026\/04\/Copy-of-ESG-Pit-stop-18-blog-fotka-18x12.png 18w\" sizes=\"auto, (max-width: 594px) 100vw, 594px\" \/>\t\t\t\t\t<\/a>\n\t\t\t\t\t\t\t\t\t<\/div>\n\t\t\t<div class=\"uag-post-grid-wrapper\">\t\t\t<h4 class=\"uagb-post__title uagb-post__text\">\n\t\t\t\t<a href=\"https:\/\/spring-shift.com\/en\/tehnicka-provjera-izvjestaja-o-odrzivosti-od-formalne-uskladenosti-do-stvarne-upravljacke-vrijednosti\/\" target=\"_self\" rel=\"bookmark noopener noreferrer\">Tehni\u010dka provjera izvje\u0161taja\u00a0o odr\u017eivosti: od formalne uskla\u0111enosti do stvarne upravlja\u010dke vrijednosti\u00a0<\/a>\n\t\t\t<\/h4>\n\t\t\t\t\t\t<div class='uagb-post__text uagb-post-grid-byline'>\n\t\t\t\t\t\t\t\t<span class=\"uagb-post__author\">\n\t\t\t\t<span class=\"dashicons-admin-users dashicons\"><\/span>\t\t\t\t\t<a href=\"https:\/\/spring-shift.com\/en\/author\/goranapavicicnisevic\/\" title=\"Posts by Gorana Pavi\u010di\u0107 Ni\u0161evi\u0107\" rel=\"author\">Gorana Pavi\u010di\u0107 Ni\u0161evi\u0107<\/a>\t\t\t\t<\/span>\n\t\t\t\t\t\t\t<time datetime=\"2026-04-24T07:35:36+00:00\" class=\"uagb-post__date\">\n\t\t\t\t<span class=\"dashicons-calendar dashicons\"><\/span>\t\t\t\t\tApril 24, 2026\t\t\t\t<\/time>\n\t\t\t\t\t\t\t<span class=\"uagb-post__comment\">\n\t\t\t\t<span class=\"dashicons-admin-comments dashicons\"><\/span>\t\t\t\t\tNo Comments\t\t\t\t<\/span>\n\t\t\t\t\t\t\t<div class=\"uagb-post__text\">\n\t\t\t\t\t<span class='uagb-post__taxonomy'>\n\t\t\t\t\t\t<span class=\"dashicons-tag dashicons\"><\/span>\t\t\t\t\t\t<a href=\"https:\/\/spring-shift.com\/en\/category\/blog\/\">Blog<\/a>\t\t\t\t\t<\/span>\n\t\t\t\t<\/div>\n\t\t\t\t\t\t\t<\/div>\n\t\t\t\t\t\t\t<div class='uagb-post__text uagb-post__excerpt'>\n\t\t\t\t\t<p>Tehni\u010dka provjera izvje\u0161taja\u00a0o odr\u017eivosti: od formalne uskla\u0111enosti do stvarne upravlja\u010dke vrijednosti\u00a0 U prvoj generaciji ESRS&#8230;\t\t\t\t<\/div>\n\t\t\t\t\t\t<div class=\"uagb-post__text uagb-post__cta wp-block-button\">\n\t\t\t\t<a class=\"wp-block-button__link uagb-text-link\" style=\"\" href=\"https:\/\/spring-shift.com\/en\/tehnicka-provjera-izvjestaja-o-odrzivosti-od-formalne-uskladenosti-do-stvarne-upravljacke-vrijednosti\/\" target=\"_self\" rel=\"bookmark noopener noreferrer\">Read More<\/a>\n\t\t\t<\/div>\n\t\t\t<\/div>\n\t\t\t\t\t\t\t\t\t<\/article>\n\t\t\t\t\t\t\t\t\t\t\t\t\t\t\t\t<article class=\"uagb-post__inner-wrap\">\t\t\t\t\t\t\t\t<div class='uagb-post__image'>\n\t\t\t\t\t\t\t\t\t<a href=\"https:\/\/spring-shift.com\/en\/esg-pit-stop-18-izvjestavanje-u-fokusu\/\" target=\"_self\" rel=\"bookmark noopener noreferrer\"><img loading=\"lazy\" decoding=\"async\" width=\"1024\" height=\"1024\" src=\"https:\/\/spring-shift.com\/wp-content\/uploads\/2026\/04\/ESG-pit-stop-18-1024x1024.png\" class=\"attachment-large size-large\" alt=\"\" srcset=\"https:\/\/spring-shift.com\/wp-content\/uploads\/2026\/04\/ESG-pit-stop-18-1024x1024.png 1024w, https:\/\/spring-shift.com\/wp-content\/uploads\/2026\/04\/ESG-pit-stop-18-300x300.png 300w, https:\/\/spring-shift.com\/wp-content\/uploads\/2026\/04\/ESG-pit-stop-18-150x150.png 150w, https:\/\/spring-shift.com\/wp-content\/uploads\/2026\/04\/ESG-pit-stop-18-768x768.png 768w, https:\/\/spring-shift.com\/wp-content\/uploads\/2026\/04\/ESG-pit-stop-18-12x12.png 12w, https:\/\/spring-shift.com\/wp-content\/uploads\/2026\/04\/ESG-pit-stop-18.png 1200w\" sizes=\"auto, (max-width: 1024px) 100vw, 1024px\" \/>\t\t\t\t\t<\/a>\n\t\t\t\t\t\t\t\t\t<\/div>\n\t\t\t<div class=\"uag-post-grid-wrapper\">\t\t\t<h4 class=\"uagb-post__title uagb-post__text\">\n\t\t\t\t<a href=\"https:\/\/spring-shift.com\/en\/esg-pit-stop-18-izvjestavanje-u-fokusu\/\" target=\"_self\" rel=\"bookmark noopener noreferrer\">ESG pit stop #18: izvje\u0161tavanje u fokusu<\/a>\n\t\t\t<\/h4>\n\t\t\t\t\t\t<div class='uagb-post__text uagb-post-grid-byline'>\n\t\t\t\t\t\t\t\t<span class=\"uagb-post__author\">\n\t\t\t\t<span class=\"dashicons-admin-users dashicons\"><\/span>\t\t\t\t\t<a href=\"https:\/\/spring-shift.com\/en\/author\/rikipahlic\/\" title=\"Posts by Riki Pahli\u0107\" rel=\"author\">Riki Pahli\u0107<\/a>\t\t\t\t<\/span>\n\t\t\t\t\t\t\t<time datetime=\"2026-04-07T08:42:12+00:00\" class=\"uagb-post__date\">\n\t\t\t\t<span class=\"dashicons-calendar dashicons\"><\/span>\t\t\t\t\tApril 7, 2026\t\t\t\t<\/time>\n\t\t\t\t\t\t\t<span class=\"uagb-post__comment\">\n\t\t\t\t<span class=\"dashicons-admin-comments dashicons\"><\/span>\t\t\t\t\tNo Comments\t\t\t\t<\/span>\n\t\t\t\t\t\t\t<div class=\"uagb-post__text\">\n\t\t\t\t\t<span class='uagb-post__taxonomy'>\n\t\t\t\t\t\t<span class=\"dashicons-tag dashicons\"><\/span>\t\t\t\t\t\t<a href=\"https:\/\/spring-shift.com\/en\/category\/blog\/\">Blog<\/a>\t\t\t\t\t<\/span>\n\t\t\t\t<\/div>\n\t\t\t\t\t\t\t<\/div>\n\t\t\t\t\t\t\t<div class='uagb-post__text uagb-post__excerpt'>\n\t\t\t\t\t<p>U tijeku su izmjene okvira za izvje\u0161tavanje o odr\u017eivosti u Europskoj uniji. Istra\u017eivanje pokazalo da&#8230;\t\t\t\t<\/div>\n\t\t\t\t\t\t<div class=\"uagb-post__text uagb-post__cta wp-block-button\">\n\t\t\t\t<a class=\"wp-block-button__link uagb-text-link\" style=\"\" href=\"https:\/\/spring-shift.com\/en\/esg-pit-stop-18-izvjestavanje-u-fokusu\/\" target=\"_self\" rel=\"bookmark noopener noreferrer\">Read More<\/a>\n\t\t\t<\/div>\n\t\t\t<\/div>\n\t\t\t\t\t\t\t\t\t<\/article>\n\t\t\t\t\t\t\t\t\t\t\t\t\t\t\t\t<article class=\"uagb-post__inner-wrap\">\t\t\t\t\t\t\t\t<div class='uagb-post__image'>\n\t\t\t\t\t\t\t<\/div>\n\t\t\t<div class=\"uag-post-grid-wrapper\">\t\t\t<h4 class=\"uagb-post__title uagb-post__text\">\n\t\t\t\t<a href=\"https:\/\/spring-shift.com\/en\/gdje-lideri-najcesce-zapinju-i-kako-to-promijeniti\/\" target=\"_self\" rel=\"bookmark noopener noreferrer\">Gdje novi voditelji naj\u010de\u0161\u0107e zapinju?<\/a>\n\t\t\t<\/h4>\n\t\t\t\t\t\t<div class='uagb-post__text uagb-post-grid-byline'>\n\t\t\t\t\t\t\t\t<span class=\"uagb-post__author\">\n\t\t\t\t<span class=\"dashicons-admin-users dashicons\"><\/span>\t\t\t\t\t<a href=\"https:\/\/spring-shift.com\/en\/author\/vedranasmlatic\/\" title=\"Posts by Vedrana Smlati\u0107\" rel=\"author\">Vedrana Smlati\u0107<\/a>\t\t\t\t<\/span>\n\t\t\t\t\t\t\t<time datetime=\"2026-03-24T09:06:46+00:00\" class=\"uagb-post__date\">\n\t\t\t\t<span class=\"dashicons-calendar dashicons\"><\/span>\t\t\t\t\tMarch 24, 2026\t\t\t\t<\/time>\n\t\t\t\t\t\t\t<span class=\"uagb-post__comment\">\n\t\t\t\t<span class=\"dashicons-admin-comments dashicons\"><\/span>\t\t\t\t\tNo Comments\t\t\t\t<\/span>\n\t\t\t\t\t\t\t<div class=\"uagb-post__text\">\n\t\t\t\t\t<span class='uagb-post__taxonomy'>\n\t\t\t\t\t\t<span class=\"dashicons-tag dashicons\"><\/span>\t\t\t\t\t\t<a href=\"https:\/\/spring-shift.com\/en\/category\/blog\/\">Blog<\/a>\t\t\t\t\t<\/span>\n\t\t\t\t<\/div>\n\t\t\t\t\t\t\t<\/div>\n\t\t\t\t\t\t\t<div class='uagb-post__text uagb-post__excerpt'>\n\t\t\t\t\t<p>Prijelaz iz stru\u010dne u voditeljsku ulogu jedna je od najve\u0107ih promjena u karijeri. Iako naj\u010de\u0161\u0107e&#8230;\t\t\t\t<\/div>\n\t\t\t\t\t\t<div class=\"uagb-post__text uagb-post__cta wp-block-button\">\n\t\t\t\t<a class=\"wp-block-button__link uagb-text-link\" style=\"\" href=\"https:\/\/spring-shift.com\/en\/gdje-lideri-najcesce-zapinju-i-kako-to-promijeniti\/\" target=\"_self\" rel=\"bookmark noopener noreferrer\">Read More<\/a>\n\t\t\t<\/div>\n\t\t\t<\/div>\n\t\t\t\t\t\t\t\t\t<\/article>\n\t\t\t\t\t\t\t\t\t\t\t\t\t\t\t\t<article class=\"uagb-post__inner-wrap\">\t\t\t\t\t\t\t\t<div class='uagb-post__image'>\n\t\t\t\t\t\t\t\t\t<a href=\"https:\/\/spring-shift.com\/en\/zahtjevi-odrzivosti-sto-velike-kompanije-ocekuju-od-dobavljaca\/\" target=\"_self\" rel=\"bookmark noopener noreferrer\"><img loading=\"lazy\" decoding=\"async\" width=\"1024\" height=\"1024\" src=\"https:\/\/spring-shift.com\/wp-content\/uploads\/2026\/02\/ESG-Pit-stop-17-1-1024x1024.png\" class=\"attachment-large size-large\" alt=\"\" srcset=\"https:\/\/spring-shift.com\/wp-content\/uploads\/2026\/02\/ESG-Pit-stop-17-1-1024x1024.png 1024w, https:\/\/spring-shift.com\/wp-content\/uploads\/2026\/02\/ESG-Pit-stop-17-1-300x300.png 300w, https:\/\/spring-shift.com\/wp-content\/uploads\/2026\/02\/ESG-Pit-stop-17-1-150x150.png 150w, https:\/\/spring-shift.com\/wp-content\/uploads\/2026\/02\/ESG-Pit-stop-17-1-768x768.png 768w, https:\/\/spring-shift.com\/wp-content\/uploads\/2026\/02\/ESG-Pit-stop-17-1-12x12.png 12w, https:\/\/spring-shift.com\/wp-content\/uploads\/2026\/02\/ESG-Pit-stop-17-1.png 1200w\" sizes=\"auto, (max-width: 1024px) 100vw, 1024px\" \/>\t\t\t\t\t<\/a>\n\t\t\t\t\t\t\t\t\t<\/div>\n\t\t\t<div class=\"uag-post-grid-wrapper\">\t\t\t<h4 class=\"uagb-post__title uagb-post__text\">\n\t\t\t\t<a href=\"https:\/\/spring-shift.com\/en\/zahtjevi-odrzivosti-sto-velike-kompanije-ocekuju-od-dobavljaca\/\" target=\"_self\" rel=\"bookmark noopener noreferrer\">Zahtjevi odr\u017eivosti: \u0161to velike kompanije o\u010dekuju od dobavlja\u010da<\/a>\n\t\t\t<\/h4>\n\t\t\t\t\t\t<div class='uagb-post__text uagb-post-grid-byline'>\n\t\t\t\t\t\t\t\t<span class=\"uagb-post__author\">\n\t\t\t\t<span class=\"dashicons-admin-users dashicons\"><\/span>\t\t\t\t\t<a href=\"https:\/\/spring-shift.com\/en\/author\/goranapavicicnisevic\/\" title=\"Posts by Gorana Pavi\u010di\u0107 Ni\u0161evi\u0107\" rel=\"author\">Gorana Pavi\u010di\u0107 Ni\u0161evi\u0107<\/a>\t\t\t\t<\/span>\n\t\t\t\t\t\t\t<time datetime=\"2026-02-26T08:22:42+00:00\" class=\"uagb-post__date\">\n\t\t\t\t<span class=\"dashicons-calendar dashicons\"><\/span>\t\t\t\t\tFebruary 26, 2026\t\t\t\t<\/time>\n\t\t\t\t\t\t\t<span class=\"uagb-post__comment\">\n\t\t\t\t<span class=\"dashicons-admin-comments dashicons\"><\/span>\t\t\t\t\tNo Comments\t\t\t\t<\/span>\n\t\t\t\t\t\t\t<div class=\"uagb-post__text\">\n\t\t\t\t\t<span class='uagb-post__taxonomy'>\n\t\t\t\t\t\t<span class=\"dashicons-tag dashicons\"><\/span>\t\t\t\t\t\t<a href=\"https:\/\/spring-shift.com\/en\/category\/blog\/\">Blog<\/a>\t\t\t\t\t<\/span>\n\t\t\t\t<\/div>\n\t\t\t\t\t\t\t<\/div>\n\t\t\t\t\t\t\t<div class='uagb-post__text uagb-post__excerpt'>\n\t\t\t\t\t<p>Bilo da se radi o regulatornom pritisku ili o\u010dekivanjima raznih skupina dionika, ne mo\u017eemo pobje\u0107i&#8230;\t\t\t\t<\/div>\n\t\t\t\t\t\t<div class=\"uagb-post__text uagb-post__cta wp-block-button\">\n\t\t\t\t<a class=\"wp-block-button__link uagb-text-link\" style=\"\" href=\"https:\/\/spring-shift.com\/en\/zahtjevi-odrzivosti-sto-velike-kompanije-ocekuju-od-dobavljaca\/\" target=\"_self\" rel=\"bookmark noopener noreferrer\">Read More<\/a>\n\t\t\t<\/div>\n\t\t\t<\/div>\n\t\t\t\t\t\t\t\t\t<\/article>\n\t\t\t\t\t\t\t\t\t\t\t\t\t\t\t\t<article class=\"uagb-post__inner-wrap\">\t\t\t\t\t\t\t\t<div class='uagb-post__image'>\n\t\t\t\t\t\t\t\t\t<a href=\"https:\/\/spring-shift.com\/en\/u-kojoj-je-fazi-tvoja-organizacija-i-sto-uciniti-kada-upadne-u-krizu\/\" target=\"_self\" rel=\"bookmark noopener noreferrer\"><img loading=\"lazy\" decoding=\"async\" width=\"650\" height=\"294\" src=\"https:\/\/spring-shift.com\/wp-content\/uploads\/2026\/02\/Chance-crisis-naslovna-2.jpg\" class=\"attachment-large size-large\" alt=\"\" srcset=\"https:\/\/spring-shift.com\/wp-content\/uploads\/2026\/02\/Chance-crisis-naslovna-2.jpg 650w, https:\/\/spring-shift.com\/wp-content\/uploads\/2026\/02\/Chance-crisis-naslovna-2-300x136.jpg 300w, https:\/\/spring-shift.com\/wp-content\/uploads\/2026\/02\/Chance-crisis-naslovna-2-18x8.jpg 18w\" sizes=\"auto, (max-width: 650px) 100vw, 650px\" \/>\t\t\t\t\t<\/a>\n\t\t\t\t\t\t\t\t\t<\/div>\n\t\t\t<div class=\"uag-post-grid-wrapper\">\t\t\t<h4 class=\"uagb-post__title uagb-post__text\">\n\t\t\t\t<a href=\"https:\/\/spring-shift.com\/en\/u-kojoj-je-fazi-tvoja-organizacija-i-sto-uciniti-kada-upadne-u-krizu\/\" target=\"_self\" rel=\"bookmark noopener noreferrer\">U kojoj je fazi tvoja organizacija? I \u0161to u\u010diniti kada upadne u krizu?<\/a>\n\t\t\t<\/h4>\n\t\t\t\t\t\t<div class='uagb-post__text uagb-post-grid-byline'>\n\t\t\t\t\t\t\t\t<span class=\"uagb-post__author\">\n\t\t\t\t<span class=\"dashicons-admin-users dashicons\"><\/span>\t\t\t\t\t<a href=\"https:\/\/spring-shift.com\/en\/author\/monikazoric\/\" title=\"Posts by Monika Zori\u0107\" rel=\"author\">Monika Zori\u0107<\/a>\t\t\t\t<\/span>\n\t\t\t\t\t\t\t<time datetime=\"2026-02-03T08:50:10+00:00\" class=\"uagb-post__date\">\n\t\t\t\t<span class=\"dashicons-calendar dashicons\"><\/span>\t\t\t\t\tFebruary 3, 2026\t\t\t\t<\/time>\n\t\t\t\t\t\t\t<span class=\"uagb-post__comment\">\n\t\t\t\t<span class=\"dashicons-admin-comments dashicons\"><\/span>\t\t\t\t\tNo Comments\t\t\t\t<\/span>\n\t\t\t\t\t\t\t<div class=\"uagb-post__text\">\n\t\t\t\t\t<span class='uagb-post__taxonomy'>\n\t\t\t\t\t\t<span class=\"dashicons-tag dashicons\"><\/span>\t\t\t\t\t\t<a href=\"https:\/\/spring-shift.com\/en\/category\/blog\/\">Blog<\/a>\t\t\t\t\t<\/span>\n\t\t\t\t<\/div>\n\t\t\t\t\t\t\t<\/div>\n\t\t\t\t\t\t\t<div class='uagb-post__text uagb-post__excerpt'>\n\t\t\t\t\t<p>U kojoj je fazi tvoja organizacija? I \u0161to u\u010diniti kada upadne u krizu? Izvor: Unplash&#8230;\t\t\t\t<\/div>\n\t\t\t\t\t\t<div class=\"uagb-post__text uagb-post__cta wp-block-button\">\n\t\t\t\t<a class=\"wp-block-button__link uagb-text-link\" style=\"\" href=\"https:\/\/spring-shift.com\/en\/u-kojoj-je-fazi-tvoja-organizacija-i-sto-uciniti-kada-upadne-u-krizu\/\" target=\"_self\" rel=\"bookmark noopener noreferrer\">Read More<\/a>\n\t\t\t<\/div>\n\t\t\t<\/div>\n\t\t\t\t\t\t\t\t\t<\/article>\n\t\t\t\t\t\t\t\t\t\t\t\t\t\t\t\t<article class=\"uagb-post__inner-wrap\">\t\t\t\t\t\t\t\t<div class='uagb-post__image'>\n\t\t\t\t\t\t\t\t\t<a href=\"https:\/\/spring-shift.com\/en\/esg-pit-stop-17\/\" target=\"_self\" rel=\"bookmark noopener noreferrer\"><img loading=\"lazy\" decoding=\"async\" width=\"1024\" height=\"1024\" src=\"https:\/\/spring-shift.com\/wp-content\/uploads\/2026\/02\/ESG-Pit-stop-17-1024x1024.png\" class=\"attachment-large size-large\" alt=\"\" srcset=\"https:\/\/spring-shift.com\/wp-content\/uploads\/2026\/02\/ESG-Pit-stop-17-1024x1024.png 1024w, https:\/\/spring-shift.com\/wp-content\/uploads\/2026\/02\/ESG-Pit-stop-17-300x300.png 300w, https:\/\/spring-shift.com\/wp-content\/uploads\/2026\/02\/ESG-Pit-stop-17-150x150.png 150w, https:\/\/spring-shift.com\/wp-content\/uploads\/2026\/02\/ESG-Pit-stop-17-768x768.png 768w, https:\/\/spring-shift.com\/wp-content\/uploads\/2026\/02\/ESG-Pit-stop-17-12x12.png 12w, https:\/\/spring-shift.com\/wp-content\/uploads\/2026\/02\/ESG-Pit-stop-17.png 1200w\" sizes=\"auto, (max-width: 1024px) 100vw, 1024px\" \/>\t\t\t\t\t<\/a>\n\t\t\t\t\t\t\t\t\t<\/div>\n\t\t\t<div class=\"uag-post-grid-wrapper\">\t\t\t<h4 class=\"uagb-post__title uagb-post__text\">\n\t\t\t\t<a href=\"https:\/\/spring-shift.com\/en\/esg-pit-stop-17\/\" target=\"_self\" rel=\"bookmark noopener noreferrer\">ESG pit stop #17: definiran smjer razvoja korporativne odr\u017eivosti<\/a>\n\t\t\t<\/h4>\n\t\t\t\t\t\t<div class='uagb-post__text uagb-post-grid-byline'>\n\t\t\t\t\t\t\t\t<span class=\"uagb-post__author\">\n\t\t\t\t<span class=\"dashicons-admin-users dashicons\"><\/span>\t\t\t\t\t<a href=\"https:\/\/spring-shift.com\/en\/author\/rikipahlic\/\" title=\"Posts by Riki Pahli\u0107\" rel=\"author\">Riki Pahli\u0107<\/a>\t\t\t\t<\/span>\n\t\t\t\t\t\t\t<time datetime=\"2026-02-03T05:28:45+00:00\" class=\"uagb-post__date\">\n\t\t\t\t<span class=\"dashicons-calendar dashicons\"><\/span>\t\t\t\t\tFebruary 3, 2026\t\t\t\t<\/time>\n\t\t\t\t\t\t\t<span class=\"uagb-post__comment\">\n\t\t\t\t<span class=\"dashicons-admin-comments dashicons\"><\/span>\t\t\t\t\tNo Comments\t\t\t\t<\/span>\n\t\t\t\t\t\t\t<div class=\"uagb-post__text\">\n\t\t\t\t\t<span class='uagb-post__taxonomy'>\n\t\t\t\t\t\t<span class=\"dashicons-tag dashicons\"><\/span>\t\t\t\t\t\t<a href=\"https:\/\/spring-shift.com\/en\/category\/blog\/\">Blog<\/a>\t\t\t\t\t<\/span>\n\t\t\t\t<\/div>\n\t\t\t\t\t\t\t<\/div>\n\t\t\t\t\t\t\t<div class='uagb-post__text uagb-post__excerpt'>\n\t\t\t\t\t<p>U 2026. godini odr\u017eivo poslovanje ulazi u novu fazu \u2013 globalne konvergencije. Nakon turbulentne 2025&#8230;.\t\t\t\t<\/div>\n\t\t\t\t\t\t<div class=\"uagb-post__text uagb-post__cta wp-block-button\">\n\t\t\t\t<a class=\"wp-block-button__link uagb-text-link\" style=\"\" href=\"https:\/\/spring-shift.com\/en\/esg-pit-stop-17\/\" target=\"_self\" rel=\"bookmark noopener noreferrer\">Read More<\/a>\n\t\t\t<\/div>\n\t\t\t<\/div>\n\t\t\t\t\t\t\t\t\t<\/article>\n\t\t\t\t\t\t\t\t\t\t\t\t\t<div class=\"uagb-post-pagination-wrap\">\n\t\t\t\t\t\t<span aria-current=\"page\" class=\"page-numbers current\">1<\/span>\n<a class=\"page-numbers\" href=\"https:\/\/spring-shift.com\/en\/wp-json\/wp\/v2\/pages\/59\/page\/2\/\">2<\/a>\n<a class=\"page-numbers\" href=\"https:\/\/spring-shift.com\/en\/wp-json\/wp\/v2\/pages\/59\/page\/3\/\">3<\/a>\n<a class=\"page-numbers\" href=\"https:\/\/spring-shift.com\/en\/wp-json\/wp\/v2\/pages\/59\/page\/4\/\">4<\/a>\n<a class=\"page-numbers\" href=\"https:\/\/spring-shift.com\/en\/wp-json\/wp\/v2\/pages\/59\/page\/5\/\">5<\/a>\n<a class=\"page-numbers\" href=\"https:\/\/spring-shift.com\/en\/wp-json\/wp\/v2\/pages\/59\/page\/6\/\">6<\/a>\n<a class=\"page-numbers\" href=\"https:\/\/spring-shift.com\/en\/wp-json\/wp\/v2\/pages\/59\/page\/7\/\">7<\/a>\n<a class=\"next page-numbers\" href=\"https:\/\/spring-shift.com\/en\/wp-json\/wp\/v2\/pages\/59\/page\/2\/\">Next \u00bb<\/a>\t\t\t\t\t<\/div>\n\t\t\t\t\t\t\t\t<\/div>\n\t\t\t<\/div><\/div>\n<\/div>\n\n\n\n<p><\/p>","protected":false},"excerpt":{"rendered":"<p>Trendovi, regulativa Zanimaju vas novosti iz svijeta odr\u017eivog i organizacijskog razvoja, savjeti o pristupima i praksi, mi\u0161ljenja i pogledi na trendove? Na pravom ste mjestu!<\/p>","protected":false},"author":1,"featured_media":0,"parent":0,"menu_order":0,"comment_status":"closed","ping_status":"closed","template":"","meta":{"_uag_custom_page_level_css":"","site-sidebar-layout":"default","site-content-layout":"","ast-site-content-layout":"default","site-content-style":"default","site-sidebar-style":"default","ast-global-header-display":"","ast-banner-title-visibility":"","ast-main-header-display":"","ast-hfb-above-header-display":"","ast-hfb-below-header-display":"","ast-hfb-mobile-header-display":"","site-post-title":"disabled","ast-breadcrumbs-content":"","ast-featured-img":"","footer-sml-layout":"","theme-transparent-header-meta":"enabled","adv-header-id-meta":"","stick-header-meta":"","header-above-stick-meta":"","header-main-stick-meta":"","header-below-stick-meta":"","astra-migrate-meta-layouts":"set","ast-page-background-enabled":"default","ast-page-background-meta":{"desktop":{"background-color":"var(--ast-global-color-4)","background-image":"","background-repeat":"repeat","background-position":"center center","background-size":"auto","background-attachment":"scroll","background-type":"","background-media":"","overlay-type":"","overlay-color":"","overlay-opacity":"","overlay-gradient":""},"tablet":{"background-color":"","background-image":"","background-repeat":"repeat","background-position":"center center","background-size":"auto","background-attachment":"scroll","background-type":"","background-media":"","overlay-type":"","overlay-color":"","overlay-opacity":"","overlay-gradient":""},"mobile":{"background-color":"","background-image":"","background-repeat":"repeat","background-position":"center center","background-size":"auto","background-attachment":"scroll","background-type":"","background-media":"","overlay-type":"","overlay-color":"","overlay-opacity":"","overlay-gradient":""}},"ast-content-background-meta":{"desktop":{"background-color":"var(--ast-global-color-5)","background-image":"","background-repeat":"repeat","background-position":"center center","background-size":"auto","background-attachment":"scroll","background-type":"","background-media":"","overlay-type":"","overlay-color":"","overlay-opacity":"","overlay-gradient":""},"tablet":{"background-color":"var(--ast-global-color-5)","background-image":"","background-repeat":"repeat","background-position":"center center","background-size":"auto","background-attachment":"scroll","background-type":"","background-media":"","overlay-type":"","overlay-color":"","overlay-opacity":"","overlay-gradient":""},"mobile":{"background-color":"var(--ast-global-color-5)","background-image":"","background-repeat":"repeat","background-position":"center center","background-size":"auto","background-attachment":"scroll","background-type":"","background-media":"","overlay-type":"","overlay-color":"","overlay-opacity":"","overlay-gradient":""}},"footnotes":""},"class_list":["post-59","page","type-page","status-publish","hentry"],"uagb_featured_image_src":{"full":false,"thumbnail":false,"medium":false,"medium_large":false,"large":false,"1536x1536":false,"2048x2048":false,"trp-custom-language-flag":false},"uagb_author_info":{"display_name":"Spring+shift","author_link":"https:\/\/spring-shift.com\/en\/author\/hauska\/"},"uagb_comment_info":0,"uagb_excerpt":"Trendovi, regulativa Zanimaju vas novosti iz svijeta odr\u017eivog i organizacijskog razvoja, savjeti o pristupima i praksi, mi\u0161ljenja i pogledi na trendove? Na pravom ste mjestu!","_links":{"self":[{"href":"https:\/\/spring-shift.com\/en\/wp-json\/wp\/v2\/pages\/59","targetHints":{"allow":["GET"]}}],"collection":[{"href":"https:\/\/spring-shift.com\/en\/wp-json\/wp\/v2\/pages"}],"about":[{"href":"https:\/\/spring-shift.com\/en\/wp-json\/wp\/v2\/types\/page"}],"author":[{"embeddable":true,"href":"https:\/\/spring-shift.com\/en\/wp-json\/wp\/v2\/users\/1"}],"replies":[{"embeddable":true,"href":"https:\/\/spring-shift.com\/en\/wp-json\/wp\/v2\/comments?post=59"}],"version-history":[{"count":67,"href":"https:\/\/spring-shift.com\/en\/wp-json\/wp\/v2\/pages\/59\/revisions"}],"predecessor-version":[{"id":2917,"href":"https:\/\/spring-shift.com\/en\/wp-json\/wp\/v2\/pages\/59\/revisions\/2917"}],"wp:attachment":[{"href":"https:\/\/spring-shift.com\/en\/wp-json\/wp\/v2\/media?parent=59"}],"curies":[{"name":"wp","href":"https:\/\/api.w.org\/{rel}","templated":true}]}}