{"id":60,"date":"2024-10-10T15:30:35","date_gmt":"2024-10-10T15:30:35","guid":{"rendered":"https:\/\/spring-shift.com\/about-us\/"},"modified":"2024-12-02T13:57:51","modified_gmt":"2024-12-02T13:57:51","slug":"spring","status":"publish","type":"page","link":"https:\/\/spring-shift.com\/en\/spring\/","title":{"rendered":"Spring+"},"content":{"rendered":"<div class=\"wp-block-uagb-container uagb-block-30fe8e28 alignfull uagb-is-root-container\">\n<div class=\"wp-block-uagb-container uagb-block-eb258599 alignfull uagb-is-root-container\"><div class=\"uagb-container-inner-blocks-wrap\">\n<div class=\"wp-block-uagb-container uagb-block-34cf57b7\">\n<div class=\"wp-block-uagb-advanced-heading uagb-block-a35c568f\"><h2 class=\"uagb-heading-text\">News from the Spring+Shift world<\/h2><p class=\"uagb-desc-text\">Follow us and stay updated on our workshops, partnerships, collaborations, and public appearances.<\/p><\/div>\n<\/div>\n<\/div><\/div>\n<\/div>\n\n\n\n<div class=\"wp-block-uagb-container uagb-block-2360a0c1 alignfull uagb-is-root-container\">\n<p><br><br><\/p>\n<\/div>\n\n\n\n<div class=\"wp-block-uagb-container uagb-block-f5ed73c5 alignfull uagb-is-root-container\">\n<p><br><br><\/p>\n<\/div>\n\n\n\n<div class=\"wp-block-uagb-container uagb-block-64398b1f alignfull uagb-is-root-container\"><div class=\"uagb-container-inner-blocks-wrap\">\n<div class=\"wp-block-uagb-advanced-heading uagb-block-a8017bea\"><\/div>\n\n\n\n\t\t\t<div class=\"wp-block-uagb-post-grid uagb-post-grid  uagb-post__image-position-background uagb-post__image-enabled uagb-block-54d9af86     uagb-post__items uagb-post__columns-2 is-grid uagb-post__columns-tablet-2 uagb-post__columns-mobile-1 uagb-post__equal-height\" data-total=\"1\" style=\"\">\n\n\t\t\t\t\t\t\t\t\t\t\t\t<article class=\"uagb-post__inner-wrap\">\t\t\t\t\t\t\t\t<div class='uagb-post__image'>\n\t\t\t\t\t\t\t\t\t<a href=\"https:\/\/spring-shift.com\/en\/esg-podrska-za-mala-i-srednja-poduzeca\/\" target=\"_self\" rel=\"bookmark noopener noreferrer\"><img loading=\"lazy\" decoding=\"async\" width=\"1024\" height=\"576\" src=\"https:\/\/spring-shift.com\/wp-content\/uploads\/2026\/02\/hirzul-maulana-Qjau9gKeJSQ-unsplash-1-1024x576.jpg\" class=\"attachment-large size-large\" alt=\"\" srcset=\"https:\/\/spring-shift.com\/wp-content\/uploads\/2026\/02\/hirzul-maulana-Qjau9gKeJSQ-unsplash-1-1024x576.jpg 1024w, https:\/\/spring-shift.com\/wp-content\/uploads\/2026\/02\/hirzul-maulana-Qjau9gKeJSQ-unsplash-1-300x169.jpg 300w, https:\/\/spring-shift.com\/wp-content\/uploads\/2026\/02\/hirzul-maulana-Qjau9gKeJSQ-unsplash-1-768x432.jpg 768w, https:\/\/spring-shift.com\/wp-content\/uploads\/2026\/02\/hirzul-maulana-Qjau9gKeJSQ-unsplash-1-1536x864.jpg 1536w, https:\/\/spring-shift.com\/wp-content\/uploads\/2026\/02\/hirzul-maulana-Qjau9gKeJSQ-unsplash-1-2048x1152.jpg 2048w, https:\/\/spring-shift.com\/wp-content\/uploads\/2026\/02\/hirzul-maulana-Qjau9gKeJSQ-unsplash-1-18x10.jpg 18w\" sizes=\"auto, (max-width: 1024px) 100vw, 1024px\" \/>\t\t\t\t\t<\/a>\n\t\t\t\t\t\t\t\t\t<\/div>\n\t\t\t<div class=\"uag-post-grid-wrapper\">\t\t\t<h4 class=\"uagb-post__title uagb-post__text\">\n\t\t\t\t<a href=\"https:\/\/spring-shift.com\/en\/esg-podrska-za-mala-i-srednja-poduzeca\/\" target=\"_self\" rel=\"bookmark noopener noreferrer\">ESG podr\u0161ka za mala i srednja poduze\u0107a<\/a>\n\t\t\t<\/h4>\n\t\t\t\t\t\t<div class='uagb-post__text uagb-post-grid-byline'>\n\t\t\t\t\t\t\t\t<span class=\"uagb-post__author\">\n\t\t\t\t<span class=\"dashicons-admin-users dashicons\"><\/span>\t\t\t\t\t<a href=\"https:\/\/spring-shift.com\/en\/author\/hauska\/\" title=\"Posts by Spring+shift\" rel=\"author\">Spring+shift<\/a>\t\t\t\t<\/span>\n\t\t\t\t\t\t\t<time datetime=\"2026-02-11T10:22:35+00:00\" class=\"uagb-post__date\">\n\t\t\t\t<span class=\"dashicons-calendar dashicons\"><\/span>\t\t\t\t\tFebruary 11, 2026\t\t\t\t<\/time>\n\t\t\t\t\t\t\t<span class=\"uagb-post__comment\">\n\t\t\t\t<span class=\"dashicons-admin-comments dashicons\"><\/span>\t\t\t\t\tNo Comments\t\t\t\t<\/span>\n\t\t\t\t\t\t\t<div class=\"uagb-post__text\">\n\t\t\t\t\t<span class='uagb-post__taxonomy'>\n\t\t\t\t\t\t<span class=\"dashicons-tag dashicons\"><\/span>\t\t\t\t\t\t<a href=\"https:\/\/spring-shift.com\/en\/category\/radionce\/\">Radionce<\/a>,&nbsp;<a href=\"https:\/\/spring-shift.com\/en\/category\/shiftme\/\">ShiftME<\/a>\t\t\t\t\t<\/span>\n\t\t\t\t<\/div>\n\t\t\t\t\t\t\t<\/div>\n\t\t\t\t\t\t\t<div class='uagb-post__text uagb-post__excerpt'>\n\t\t\t\t\tUsluge koje poma\u017eu malim i srednjim poduze\u0107ima da odgovore na zahtjeve iz vrijednosnog lanca.\t\t\t\t<\/div>\n\t\t\t\t\t\t<div class=\"uagb-post__text uagb-post__cta wp-block-button\">\n\t\t\t\t<a class=\"wp-block-button__link uagb-text-link\" style=\"\" href=\"https:\/\/spring-shift.com\/en\/esg-podrska-za-mala-i-srednja-poduzeca\/\" target=\"_self\" rel=\"bookmark noopener noreferrer\">Read More<\/a>\n\t\t\t<\/div>\n\t\t\t<\/div>\n\t\t\t\t\t\t\t\t\t<\/article>\n\t\t\t\t\t\t\t\t\t\t\t\t\t\t\t\t<article class=\"uagb-post__inner-wrap\">\t\t\t\t\t\t\t\t<div class='uagb-post__image'>\n\t\t\t\t\t\t\t\t\t<a href=\"https:\/\/spring-shift.com\/en\/esgplus\/\" target=\"_self\" rel=\"bookmark noopener noreferrer\"><img loading=\"lazy\" decoding=\"async\" width=\"1024\" height=\"619\" src=\"https:\/\/spring-shift.com\/wp-content\/uploads\/2025\/12\/vibrant-3d-abstract-puzzle-with-colorful-geometric-shapes-showcasing-creative-design-and-modern-art.-17485819-scaled-e1764925088537-1024x619.jpg\" class=\"attachment-large size-large\" alt=\"Vibrant 3D abstract puzzle with colorful geometric shapes showcasing creative design and modern art.\" srcset=\"https:\/\/spring-shift.com\/wp-content\/uploads\/2025\/12\/vibrant-3d-abstract-puzzle-with-colorful-geometric-shapes-showcasing-creative-design-and-modern-art.-17485819-scaled-e1764925088537-1024x619.jpg 1024w, https:\/\/spring-shift.com\/wp-content\/uploads\/2025\/12\/vibrant-3d-abstract-puzzle-with-colorful-geometric-shapes-showcasing-creative-design-and-modern-art.-17485819-scaled-e1764925088537-300x181.jpg 300w, https:\/\/spring-shift.com\/wp-content\/uploads\/2025\/12\/vibrant-3d-abstract-puzzle-with-colorful-geometric-shapes-showcasing-creative-design-and-modern-art.-17485819-scaled-e1764925088537-768x464.jpg 768w, https:\/\/spring-shift.com\/wp-content\/uploads\/2025\/12\/vibrant-3d-abstract-puzzle-with-colorful-geometric-shapes-showcasing-creative-design-and-modern-art.-17485819-scaled-e1764925088537-1536x928.jpg 1536w, https:\/\/spring-shift.com\/wp-content\/uploads\/2025\/12\/vibrant-3d-abstract-puzzle-with-colorful-geometric-shapes-showcasing-creative-design-and-modern-art.-17485819-scaled-e1764925088537-18x12.jpg 18w, https:\/\/spring-shift.com\/wp-content\/uploads\/2025\/12\/vibrant-3d-abstract-puzzle-with-colorful-geometric-shapes-showcasing-creative-design-and-modern-art.-17485819-scaled-e1764925088537.jpg 2048w\" sizes=\"auto, (max-width: 1024px) 100vw, 1024px\" \/>\t\t\t\t\t<\/a>\n\t\t\t\t\t\t\t\t\t<\/div>\n\t\t\t<div class=\"uag-post-grid-wrapper\">\t\t\t<h4 class=\"uagb-post__title uagb-post__text\">\n\t\t\t\t<a href=\"https:\/\/spring-shift.com\/en\/esgplus\/\" target=\"_self\" rel=\"bookmark noopener noreferrer\">ESG plus<\/a>\n\t\t\t<\/h4>\n\t\t\t\t\t\t<div class='uagb-post__text uagb-post-grid-byline'>\n\t\t\t\t\t\t\t\t<span class=\"uagb-post__author\">\n\t\t\t\t<span class=\"dashicons-admin-users dashicons\"><\/span>\t\t\t\t\t<a href=\"https:\/\/spring-shift.com\/en\/author\/hauska\/\" title=\"Posts by Spring+shift\" rel=\"author\">Spring+shift<\/a>\t\t\t\t<\/span>\n\t\t\t\t\t\t\t<time datetime=\"2025-11-17T14:58:03+00:00\" class=\"uagb-post__date\">\n\t\t\t\t<span class=\"dashicons-calendar dashicons\"><\/span>\t\t\t\t\tNovember 17, 2025\t\t\t\t<\/time>\n\t\t\t\t\t\t\t<span class=\"uagb-post__comment\">\n\t\t\t\t<span class=\"dashicons-admin-comments dashicons\"><\/span>\t\t\t\t\tNo Comments\t\t\t\t<\/span>\n\t\t\t\t\t\t\t<div class=\"uagb-post__text\">\n\t\t\t\t\t<span class='uagb-post__taxonomy'>\n\t\t\t\t\t\t<span class=\"dashicons-tag dashicons\"><\/span>\t\t\t\t\t\t<a href=\"https:\/\/spring-shift.com\/en\/category\/radionce\/\">Radionce<\/a>\t\t\t\t\t<\/span>\n\t\t\t\t<\/div>\n\t\t\t\t\t\t\t<\/div>\n\t\t\t\t\t\t\t<div class='uagb-post__text uagb-post__excerpt'>\n\t\t\t\t\t<p>Razvoj ESG pismenosti i vje\u0161tina za otporne organizacije Rastu\u0107i zahtjevi odr\u017eivosti te sve slo\u017eenije dru\u0161tveno&#8230;\t\t\t\t<\/div>\n\t\t\t\t\t\t<div class=\"uagb-post__text uagb-post__cta wp-block-button\">\n\t\t\t\t<a class=\"wp-block-button__link uagb-text-link\" style=\"\" href=\"https:\/\/spring-shift.com\/en\/esgplus\/\" target=\"_self\" rel=\"bookmark noopener noreferrer\">Read More<\/a>\n\t\t\t<\/div>\n\t\t\t<\/div>\n\t\t\t\t\t\t\t\t\t<\/article>\n\t\t\t\t\t\t\t\t\t\t\t\t\t\t\t\t<article class=\"uagb-post__inner-wrap\">\t\t\t\t\t\t\t\t<div class='uagb-post__image'>\n\t\t\t\t\t\t\t\t\t<a href=\"https:\/\/spring-shift.com\/en\/shift-happens\/\" target=\"_self\" rel=\"bookmark noopener noreferrer\"><img loading=\"lazy\" decoding=\"async\" width=\"1024\" height=\"724\" src=\"https:\/\/spring-shift.com\/wp-content\/uploads\/2025\/09\/43-1024x724.png\" class=\"attachment-large size-large\" alt=\"\" srcset=\"https:\/\/spring-shift.com\/wp-content\/uploads\/2025\/09\/43-1024x724.png 1024w, https:\/\/spring-shift.com\/wp-content\/uploads\/2025\/09\/43-300x212.png 300w, https:\/\/spring-shift.com\/wp-content\/uploads\/2025\/09\/43-768x543.png 768w, https:\/\/spring-shift.com\/wp-content\/uploads\/2025\/09\/43-1536x1086.png 1536w, https:\/\/spring-shift.com\/wp-content\/uploads\/2025\/09\/43-2048x1448.png 2048w, https:\/\/spring-shift.com\/wp-content\/uploads\/2025\/09\/43-18x12.png 18w\" sizes=\"auto, (max-width: 1024px) 100vw, 1024px\" \/>\t\t\t\t\t<\/a>\n\t\t\t\t\t\t\t\t\t<\/div>\n\t\t\t<div class=\"uag-post-grid-wrapper\">\t\t\t<h4 class=\"uagb-post__title uagb-post__text\">\n\t\t\t\t<a href=\"https:\/\/spring-shift.com\/en\/shift-happens\/\" target=\"_self\" rel=\"bookmark noopener noreferrer\">Shift Happens<\/a>\n\t\t\t<\/h4>\n\t\t\t\t\t\t<div class='uagb-post__text uagb-post-grid-byline'>\n\t\t\t\t\t\t\t\t<span class=\"uagb-post__author\">\n\t\t\t\t<span class=\"dashicons-admin-users dashicons\"><\/span>\t\t\t\t\t<a href=\"https:\/\/spring-shift.com\/en\/author\/sanjapetekmujacic\/\" title=\"Posts by Sanja Petek Muja\u010di\u0107\" rel=\"author\">Sanja Petek Muja\u010di\u0107<\/a>\t\t\t\t<\/span>\n\t\t\t\t\t\t\t<time datetime=\"2025-09-23T13:41:26+00:00\" class=\"uagb-post__date\">\n\t\t\t\t<span class=\"dashicons-calendar dashicons\"><\/span>\t\t\t\t\tSeptember 23, 2025\t\t\t\t<\/time>\n\t\t\t\t\t\t\t<span class=\"uagb-post__comment\">\n\t\t\t\t<span class=\"dashicons-admin-comments dashicons\"><\/span>\t\t\t\t\tNo Comments\t\t\t\t<\/span>\n\t\t\t\t\t\t\t<div class=\"uagb-post__text\">\n\t\t\t\t\t<span class='uagb-post__taxonomy'>\n\t\t\t\t\t\t<span class=\"dashicons-tag dashicons\"><\/span>\t\t\t\t\t\t<a href=\"https:\/\/spring-shift.com\/en\/category\/radionce\/\">Radionce<\/a>\t\t\t\t\t<\/span>\n\t\t\t\t<\/div>\n\t\t\t\t\t\t\t<\/div>\n\t\t\t\t\t\t\t<div class='uagb-post__text uagb-post__excerpt'>\n\t\t\t\t\t<p>Shift Happens Prakti\u010dne vje\u0161tine za izazove vo\u0111enja Znate li da \u010dak 70% anga\u017eiranosti zaposlenika ovisi&#8230;\t\t\t\t<\/div>\n\t\t\t\t\t\t<div class=\"uagb-post__text uagb-post__cta wp-block-button\">\n\t\t\t\t<a class=\"wp-block-button__link uagb-text-link\" style=\"\" href=\"https:\/\/spring-shift.com\/en\/shift-happens\/\" target=\"_self\" rel=\"bookmark noopener noreferrer\">Read More<\/a>\n\t\t\t<\/div>\n\t\t\t<\/div>\n\t\t\t\t\t\t\t\t\t<\/article>\n\t\t\t\t\t\t\t\t\t\t\t\t\t\t\t\t<article class=\"uagb-post__inner-wrap\">\t\t\t\t\t\t\t\t<div class='uagb-post__image'>\n\t\t\t\t\t\t\t\t\t<a href=\"https:\/\/spring-shift.com\/en\/od-strategije-do-taktike-postanite-pozeljan-poslodavac\/\" target=\"_self\" rel=\"bookmark noopener noreferrer\"><img loading=\"lazy\" decoding=\"async\" width=\"1024\" height=\"346\" src=\"https:\/\/spring-shift.com\/wp-content\/uploads\/2024\/11\/shift_plus_radionica-1024x346.png\" class=\"attachment-large size-large\" alt=\"\" srcset=\"https:\/\/spring-shift.com\/wp-content\/uploads\/2024\/11\/shift_plus_radionica-1024x346.png 1024w, https:\/\/spring-shift.com\/wp-content\/uploads\/2024\/11\/shift_plus_radionica-300x101.png 300w, https:\/\/spring-shift.com\/wp-content\/uploads\/2024\/11\/shift_plus_radionica-768x260.png 768w, https:\/\/spring-shift.com\/wp-content\/uploads\/2024\/11\/shift_plus_radionica.png 1280w\" sizes=\"auto, (max-width: 1024px) 100vw, 1024px\" \/>\t\t\t\t\t<\/a>\n\t\t\t\t\t\t\t\t\t<\/div>\n\t\t\t<div class=\"uag-post-grid-wrapper\">\t\t\t<h4 class=\"uagb-post__title uagb-post__text\">\n\t\t\t\t<a href=\"https:\/\/spring-shift.com\/en\/od-strategije-do-taktike-postanite-pozeljan-poslodavac\/\" target=\"_self\" rel=\"bookmark noopener noreferrer\">Od strategije do taktike: (p)ostanite po\u017eeljan poslodavac<\/a>\n\t\t\t<\/h4>\n\t\t\t\t\t\t<div class='uagb-post__text uagb-post-grid-byline'>\n\t\t\t\t\t\t\t\t<span class=\"uagb-post__author\">\n\t\t\t\t<span class=\"dashicons-admin-users dashicons\"><\/span>\t\t\t\t\t<a href=\"https:\/\/spring-shift.com\/en\/author\/sanjapetekmujacic\/\" title=\"Posts by Sanja Petek Muja\u010di\u0107\" rel=\"author\">Sanja Petek Muja\u010di\u0107<\/a>\t\t\t\t<\/span>\n\t\t\t\t\t\t\t<time datetime=\"2025-05-15T06:41:17+00:00\" class=\"uagb-post__date\">\n\t\t\t\t<span class=\"dashicons-calendar dashicons\"><\/span>\t\t\t\t\tMay 15, 2025\t\t\t\t<\/time>\n\t\t\t\t\t\t\t<span class=\"uagb-post__comment\">\n\t\t\t\t<span class=\"dashicons-admin-comments dashicons\"><\/span>\t\t\t\t\tNo Comments\t\t\t\t<\/span>\n\t\t\t\t\t\t\t<div class=\"uagb-post__text\">\n\t\t\t\t\t<span class='uagb-post__taxonomy'>\n\t\t\t\t\t\t<span class=\"dashicons-tag dashicons\"><\/span>\t\t\t\t\t\t<a href=\"https:\/\/spring-shift.com\/en\/category\/radionce\/\">Radionce<\/a>\t\t\t\t\t<\/span>\n\t\t\t\t<\/div>\n\t\t\t\t\t\t\t<\/div>\n\t\t\t\t\t\t\t<div class='uagb-post__text uagb-post__excerpt'>\n\t\t\t\t\t<p>Od strategije do taktike: (p)ostanite po\u017eeljan poslodavac Strate\u0161ki pristupite employer brandingu: saznajte kako kreirati strategiju&#8230;\t\t\t\t<\/div>\n\t\t\t\t\t\t<div class=\"uagb-post__text uagb-post__cta wp-block-button\">\n\t\t\t\t<a class=\"wp-block-button__link uagb-text-link\" style=\"\" href=\"https:\/\/spring-shift.com\/en\/od-strategije-do-taktike-postanite-pozeljan-poslodavac\/\" target=\"_self\" rel=\"bookmark noopener noreferrer\">Read More<\/a>\n\t\t\t<\/div>\n\t\t\t<\/div>\n\t\t\t\t\t\t\t\t\t<\/article>\n\t\t\t\t\t\t\t\t\t\t\t\t\t\t\t\t<article class=\"uagb-post__inner-wrap\">\t\t\t\t\t\t\t\t<div class='uagb-post__image'>\n\t\t\t\t\t\t\t\t\t<a href=\"https:\/\/spring-shift.com\/en\/istaknite-se-iz-mase-postanite-pozeljan-poslodavac\/\" target=\"_self\" rel=\"bookmark noopener noreferrer\"><img loading=\"lazy\" decoding=\"async\" width=\"1024\" height=\"346\" src=\"https:\/\/spring-shift.com\/wp-content\/uploads\/2024\/11\/shift_plus_radionica-1024x346.png\" class=\"attachment-large size-large\" alt=\"\" srcset=\"https:\/\/spring-shift.com\/wp-content\/uploads\/2024\/11\/shift_plus_radionica-1024x346.png 1024w, https:\/\/spring-shift.com\/wp-content\/uploads\/2024\/11\/shift_plus_radionica-300x101.png 300w, https:\/\/spring-shift.com\/wp-content\/uploads\/2024\/11\/shift_plus_radionica-768x260.png 768w, https:\/\/spring-shift.com\/wp-content\/uploads\/2024\/11\/shift_plus_radionica.png 1280w\" sizes=\"auto, (max-width: 1024px) 100vw, 1024px\" \/>\t\t\t\t\t<\/a>\n\t\t\t\t\t\t\t\t\t<\/div>\n\t\t\t<div class=\"uag-post-grid-wrapper\">\t\t\t<h4 class=\"uagb-post__title uagb-post__text\">\n\t\t\t\t<a href=\"https:\/\/spring-shift.com\/en\/istaknite-se-iz-mase-postanite-pozeljan-poslodavac\/\" target=\"_self\" rel=\"bookmark noopener noreferrer\">Radionica Split 28.11.2024.<\/a>\n\t\t\t<\/h4>\n\t\t\t\t\t\t<div class='uagb-post__text uagb-post-grid-byline'>\n\t\t\t\t\t\t\t\t<span class=\"uagb-post__author\">\n\t\t\t\t<span class=\"dashicons-admin-users dashicons\"><\/span>\t\t\t\t\t<a href=\"https:\/\/spring-shift.com\/en\/author\/hauska\/\" title=\"Posts by Spring+shift\" rel=\"author\">Spring+shift<\/a>\t\t\t\t<\/span>\n\t\t\t\t\t\t\t<time datetime=\"2024-11-05T12:31:23+00:00\" class=\"uagb-post__date\">\n\t\t\t\t<span class=\"dashicons-calendar dashicons\"><\/span>\t\t\t\t\tNovember 5, 2024\t\t\t\t<\/time>\n\t\t\t\t\t\t\t<span class=\"uagb-post__comment\">\n\t\t\t\t<span class=\"dashicons-admin-comments dashicons\"><\/span>\t\t\t\t\tNo Comments\t\t\t\t<\/span>\n\t\t\t\t\t\t\t<div class=\"uagb-post__text\">\n\t\t\t\t\t<span class='uagb-post__taxonomy'>\n\t\t\t\t\t\t<span class=\"dashicons-tag dashicons\"><\/span>\t\t\t\t\t\t<a href=\"https:\/\/spring-shift.com\/en\/category\/radionce\/\">Radionce<\/a>\t\t\t\t\t<\/span>\n\t\t\t\t<\/div>\n\t\t\t\t\t\t\t<\/div>\n\t\t\t\t\t\t\t<div class='uagb-post__text uagb-post__excerpt'>\n\t\t\t\t\t<p>Istaknite se iz mase: (p)ostanite po\u017eeljan poslodavac Strate\u0161ki pristupite employer brandingu: saznajte kako kreirati strategiju&#8230;\t\t\t\t<\/div>\n\t\t\t\t\t\t<div class=\"uagb-post__text uagb-post__cta wp-block-button\">\n\t\t\t\t<a class=\"wp-block-button__link uagb-text-link\" style=\"\" href=\"https:\/\/spring-shift.com\/en\/istaknite-se-iz-mase-postanite-pozeljan-poslodavac\/\" target=\"_self\" rel=\"bookmark noopener noreferrer\">Read More<\/a>\n\t\t\t<\/div>\n\t\t\t<\/div>\n\t\t\t\t\t\t\t\t\t<\/article>\n\t\t\t\t\t\t\t\t\t\t\t\t\t<div class=\"uagb-post-pagination-wrap\">\n\t\t\t\t\t\t\t\t\t\t\t<\/div>\n\t\t\t\t\t\t\t\t<\/div>\n\t\t\t<\/div><\/div>","protected":false},"excerpt":{"rendered":"<p>Vijesti iz Spring+shift svijeta Pratite nas i saznajte sve o na\u0161im radionicama, partnerstvima, suradnjama i javnim nastupima.<\/p>","protected":false},"author":1,"featured_media":0,"parent":0,"menu_order":0,"comment_status":"closed","ping_status":"closed","template":"","meta":{"_uag_custom_page_level_css":"","site-sidebar-layout":"default","site-content-layout":"","ast-site-content-layout":"default","site-content-style":"default","site-sidebar-style":"default","ast-global-header-display":"","ast-banner-title-visibility":"","ast-main-header-display":"","ast-hfb-above-header-display":"","ast-hfb-below-header-display":"","ast-hfb-mobile-header-display":"","site-post-title":"disabled","ast-breadcrumbs-content":"","ast-featured-img":"","footer-sml-layout":"","theme-transparent-header-meta":"enabled","adv-header-id-meta":"","stick-header-meta":"","header-above-stick-meta":"","header-main-stick-meta":"","header-below-stick-meta":"","astra-migrate-meta-layouts":"set","ast-page-background-enabled":"default","ast-page-background-meta":{"desktop":{"background-color":"var(--ast-global-color-4)","background-image":"","background-repeat":"repeat","background-position":"center center","background-size":"auto","background-attachment":"scroll","background-type":"","background-media":"","overlay-type":"","overlay-color":"","overlay-opacity":"","overlay-gradient":""},"tablet":{"background-color":"","background-image":"","background-repeat":"repeat","background-position":"center center","background-size":"auto","background-attachment":"scroll","background-type":"","background-media":"","overlay-type":"","overlay-color":"","overlay-opacity":"","overlay-gradient":""},"mobile":{"background-color":"","background-image":"","background-repeat":"repeat","background-position":"center center","background-size":"auto","background-attachment":"scroll","background-type":"","background-media":"","overlay-type":"","overlay-color":"","overlay-opacity":"","overlay-gradient":""}},"ast-content-background-meta":{"desktop":{"background-color":"var(--ast-global-color-5)","background-image":"","background-repeat":"repeat","background-position":"center center","background-size":"auto","background-attachment":"scroll","background-type":"","background-media":"","overlay-type":"","overlay-color":"","overlay-opacity":"","overlay-gradient":""},"tablet":{"background-color":"var(--ast-global-color-5)","background-image":"","background-repeat":"repeat","background-position":"center center","background-size":"auto","background-attachment":"scroll","background-type":"","background-media":"","overlay-type":"","overlay-color":"","overlay-opacity":"","overlay-gradient":""},"mobile":{"background-color":"var(--ast-global-color-5)","background-image":"","background-repeat":"repeat","background-position":"center center","background-size":"auto","background-attachment":"scroll","background-type":"","background-media":"","overlay-type":"","overlay-color":"","overlay-opacity":"","overlay-gradient":""}},"footnotes":""},"class_list":["post-60","page","type-page","status-publish","hentry"],"uagb_featured_image_src":{"full":false,"thumbnail":false,"medium":false,"medium_large":false,"large":false,"1536x1536":false,"2048x2048":false,"trp-custom-language-flag":false},"uagb_author_info":{"display_name":"Spring+shift","author_link":"https:\/\/spring-shift.com\/en\/author\/hauska\/"},"uagb_comment_info":0,"uagb_excerpt":"Vijesti iz Spring+shift svijeta Pratite nas i saznajte sve o na\u0161im radionicama, partnerstvima, suradnjama i javnim nastupima.","_links":{"self":[{"href":"https:\/\/spring-shift.com\/en\/wp-json\/wp\/v2\/pages\/60","targetHints":{"allow":["GET"]}}],"collection":[{"href":"https:\/\/spring-shift.com\/en\/wp-json\/wp\/v2\/pages"}],"about":[{"href":"https:\/\/spring-shift.com\/en\/wp-json\/wp\/v2\/types\/page"}],"author":[{"embeddable":true,"href":"https:\/\/spring-shift.com\/en\/wp-json\/wp\/v2\/users\/1"}],"replies":[{"embeddable":true,"href":"https:\/\/spring-shift.com\/en\/wp-json\/wp\/v2\/comments?post=60"}],"version-history":[{"count":58,"href":"https:\/\/spring-shift.com\/en\/wp-json\/wp\/v2\/pages\/60\/revisions"}],"predecessor-version":[{"id":3913,"href":"https:\/\/spring-shift.com\/en\/wp-json\/wp\/v2\/pages\/60\/revisions\/3913"}],"wp:attachment":[{"href":"https:\/\/spring-shift.com\/en\/wp-json\/wp\/v2\/media?parent=60"}],"curies":[{"name":"wp","href":"https:\/\/api.w.org\/{rel}","templated":true}]}}